{"id":1032,"date":"2025-04-28T19:13:12","date_gmt":"2025-04-28T16:13:12","guid":{"rendered":"https:\/\/www.teknevia.com\/blog\/?page_id=1032"},"modified":"2025-04-28T19:13:12","modified_gmt":"2025-04-28T16:13:12","slug":"istanbul-tekne-turu","status":"publish","type":"page","link":"https:\/\/www.teknevia.com\/blog\/istanbul-tekne-turu","title":{"rendered":"\u0130stanbul Tekne Turu"},"content":{"rendered":"<h2><span style=\"font-weight: 400;\">\u0130stanbul Tekne Turu<\/span><\/h2>\n<p><span style=\"font-weight: 400;\">\u0130stanbul, iki k\u0131tay\u0131 birbirine ba\u011flayan e\u015fsiz konumuyla, deniz \u00fcst\u00fcnden ke\u015ffedildi\u011finde bamba\u015fka bir g\u00fczelli\u011fe kavu\u015fur. Bu y\u00fczden \u0130stanbul tekne turlar\u0131, hem yerli hem yabanc\u0131 ziyaret\u00e7iler i\u00e7in vazge\u00e7ilmez bir deneyim h\u00e2line gelir. Bo\u011faz&#8217;\u0131n ortas\u0131nda s\u00fcz\u00fcl\u00fcrken bir yandan tarihi yal\u0131lar\u0131 izlemek, bir yandan g\u00fcn bat\u0131m\u0131n\u0131n renkleri i\u00e7inde kaybolmak m\u00fcmk\u00fcnd\u00fcr. <\/span><b>\u0130stanbul tekne turu<\/b><span style=\"font-weight: 400;\"> se\u00e7enekleri, romantik ak\u015fam yemeklerinden kurumsal etkinliklere, arkada\u015f bulu\u015fmalar\u0131ndan \u00f6zel kutlamalara kadar \u00e7ok \u00e7e\u015fitli organizasyonlara ev sahipli\u011fi yapar. Siz de \u0130stanbul\u2019da tekne turu planlarken hangi rotalar\u0131n tercih edilece\u011finden, tekne turu \u0130stanbul i\u00e7in nas\u0131l bir plan yapman\u0131z gerekti\u011finden ya da \u0130stanbul tekne turu fiyatlar\u0131 nas\u0131l \u015fekilleniyor gibi sorulardan ba\u015flayarak, unutulmaz bir deneyim i\u00e7in do\u011fru ad\u0131mlar\u0131 atabilirsiniz.<\/span><\/p>\n<h2><span style=\"font-weight: 400;\">\u0130stanbul Tekne Turu G\u00fczerg\u00e2hlar\u0131: Tarih, Do\u011fa ve \u015eehir Manzaras\u0131<\/span><\/h2>\n<p><span style=\"font-weight: 400;\">\u0130stanbul tekne turlar\u0131 ile \u015fehrin sadece k\u0131y\u0131lar\u0131n\u0131 de\u011fil, tarihini ve k\u00fclt\u00fcr\u00fcn\u00fc de bamba\u015fka bir bak\u0131\u015f a\u00e7\u0131s\u0131yla ke\u015ffetmek m\u00fcmk\u00fcn olur. \u00d6zellikle Avrupa Yakas\u0131\u2019nda Be\u015fikta\u015f, Ortak\u00f6y, Arnavutk\u00f6y, Bebek gibi sahil kasabalar\u0131, Bo\u011faz\u2019\u0131n en keyifli duraklar\u0131 aras\u0131nda yer al\u0131r. Anadolu Yakas\u0131&#8217;nda ise Kanl\u0131ca, \u00c7engelk\u00f6y, Beylerbeyi gibi semtler, \u0130stanbul tekne turlar\u0131 s\u0131ras\u0131nda s\u0131kl\u0131kla ziyaret edilen rotalar aras\u0131ndad\u0131r. Bo\u011faz k\u00f6pr\u00fclerinin alt\u0131ndan ge\u00e7erken \u0130stanbul&#8217;un ikonik silueti bir tablo gibi \u00f6n\u00fcn\u00fczde a\u00e7\u0131l\u0131r. Teknevia ile planlanan \u0130stanbul tekne turu organizasyonlar\u0131nda Galata Kulesi&#8217;ni, Dolmabah\u00e7e Saray\u0131&#8217;n\u0131, Rumeli Hisar\u0131&#8217;n\u0131 ve K\u0131z Kulesi&#8217;ni denizden seyretmek, bu turu daha da \u00f6zel k\u0131lar. Ayn\u0131 zamanda Bo\u011faz hatt\u0131nda s\u0131ralanan tarihi yal\u0131lar, k\u00f6pr\u00fclerin mimarisi ve k\u0131y\u0131 boyunca uzanan parklar da \u0130stanbul tekne turlar\u0131n\u0131 g\u00f6rsel bir \u015f\u00f6lene d\u00f6n\u00fc\u015ft\u00fcr\u00fcr.<\/span><\/p>\n<p><span style=\"font-weight: 400;\">\u0130stanbul tekne turlar\u0131 sayesinde sadece tarihi yap\u0131lar\u0131 de\u011fil; k\u0131y\u0131 boyunca sakl\u0131 kalm\u0131\u015f do\u011fal g\u00fczellikleri, koruluklar\u0131 ve Bo\u011faz\u2019a \u00f6zg\u00fc ya\u015fam\u0131 da yak\u0131ndan g\u00f6zlemlemek m\u00fcmk\u00fcnd\u00fcr. \u00d6zellikle sabah saatlerinde d\u00fczenlenen turlarda, denizin \u00fczerindeki hafif sis ve ku\u015f sesleri e\u015fli\u011finde \u0130stanbul\u2019u adeta bir masal diyar\u0131 gibi ya\u015fars\u0131n\u0131z. G\u00fcn bat\u0131m\u0131 turlar\u0131nda ise g\u00f6ky\u00fcz\u00fcn\u00fcn k\u0131z\u0131l ve turuncu tonlara b\u00fcr\u00fcnd\u00fc\u011f\u00fc anlara \u015fahitlik edebilirsiniz. \u00d6zellikle <\/span><b>\u0130stanbul tekne turlar\u0131<\/b><span style=\"font-weight: 400;\">, evlenme teklifleri, mezuniyet kutlamalar\u0131, bekarl\u0131\u011fa veda organizasyonlar\u0131 ve i\u015f yemekleri i\u00e7in s\u0131kl\u0131kla tercih edilir. Y\u0131l d\u00f6n\u00fcmleri, do\u011fum g\u00fcn\u00fc kutlamalar\u0131, sevgililer g\u00fcn\u00fc ve Ramazan ay\u0131na \u00f6zel iftar organizasyonlar\u0131 da \u0130stanbul tekne turlar\u0131n\u0131n sundu\u011fu \u00f6nemli etkinlikler aras\u0131ndad\u0131r. \u0130stanbul tekne turu se\u00e7enekleri, sadece bir ula\u015f\u0131m arac\u0131 de\u011fil; ayn\u0131 zamanda an\u0131 biriktirece\u011finiz bir deneyime d\u00f6n\u00fc\u015f\u00fcr. \u0130stanbul g\u00fcn\u00fcbirlik tekne turu ile hafta sonlar\u0131n\u0131za farkl\u0131 bir dokunu\u015f katabilir ya da gece tekne turu \u0130stanbul se\u00e7enekleriyle \u015fehrin \u0131\u015f\u0131klar i\u00e7indeki siluetini ke\u015ffedebilirsiniz. Her bir tur, \u0130stanbul&#8217;un kendine \u00f6zg\u00fc atmosferini farkl\u0131 bir perspektiften ya\u015faman\u0131za olanak tan\u0131r.<\/span><\/p>\n<h2><span style=\"font-weight: 400;\">\u0130stanbul Tekne Turu \u0130\u00e7in Haz\u0131rl\u0131k Rehberi<\/span><\/h2>\n<p><span style=\"font-weight: 400;\">\u0130stanbul tekne turu planlamadan \u00f6nce baz\u0131 detaylara dikkat etmek, deneyiminizi kusursuz h\u00e2le getirir. \u00d6ncelikle, tur s\u00fcresinin belirlenmesi \u00f6nemlidir. Saatlik, g\u00fcnl\u00fck ya da gece se\u00e7enekleri aras\u0131nda organizasyonunuza en uygun olan\u0131 se\u00e7meniz gerekir. \u00d6zellikle g\u00fcnl\u00fck tekne turu \u0130stanbul \u00e7evresinde tam g\u00fcn boyunca Bo\u011faz\u2019\u0131n t\u00fcm g\u00fczelliklerini ke\u015ffetmek isteyenler i\u00e7in ideal bir tercihtir. \u0130stanbul tekne turlar\u0131 i\u00e7in en yo\u011fun sezon, genellikle ilkbahar ve yaz aylar\u0131d\u0131r. \u0130stanbul tekne turu organizasyonlar\u0131nda bu d\u00f6nemlerde rezervasyonunuzu erken yapman\u0131z \u00f6nerilir. Havan\u0131n ani de\u011fi\u015fimlere a\u00e7\u0131k oldu\u011fu unutulmamal\u0131d\u0131r. Hava ko\u015fullar\u0131n\u0131n \u0130stanbul tekne turu plan\u0131 \u00fczerinde etkili olabilece\u011fi g\u00f6z \u00f6n\u00fcnde bulundurulmal\u0131d\u0131r.<\/span><span style=\"font-weight: 400;\"><\/p>\n<p><\/span><\/p>\n<p><span style=\"font-weight: 400;\">Yapaca\u011f\u0131n\u0131z rezervasyonlarda \u0130stanbul tekne turu ba\u015flang\u0131\u00e7 noktas\u0131, g\u00fczerg\u00e2h ve i\u00e7erikler \u00f6nceden netle\u015ftirilir. B\u00f6ylece s\u00fcrpriz maliyetler ya da zaman kayb\u0131 ya\u015famazs\u0131n\u0131z. \u0130stanbul bo\u011faz turu \u00f6zel tekne fiyatlar\u0131 da planlaman\u0131za g\u00f6re \u015fekillenir; ki\u015fi say\u0131s\u0131, ikramlar, ekstra hizmetler gibi fakt\u00f6rler fiyatlara do\u011frudan yans\u0131r. \u00d6te yandan \u0130stanbul\u2019da tekne turu yaparken dikkat edilmesi gereken dezavantajlardan biri de yo\u011fun marina trafi\u011fidir. \u00d6zellikle hafta sonlar\u0131 ve tatil g\u00fcnlerinde, pop\u00fcler iskelelerde bekleme s\u00fcreleri artabilir. Bu y\u00fczden programlar\u0131n\u0131z\u0131 esnek tutman\u0131z \u00f6nerilir.<\/span><\/p>\n<h2><span style=\"font-weight: 400;\">Etkinlikten Kutlamaya \u0130stanbul Tekne Turu Hizmet Se\u00e7enekleri<\/span><\/h2>\n<p><span style=\"font-weight: 400;\">\u0130stanbul tekne turlar\u0131, sunduklar\u0131 kapsaml\u0131 hizmet se\u00e7enekleriyle farkl\u0131 organizasyonlara rahatl\u0131kla ev sahipli\u011fi yapar. \u0130stanbul tekne turu se\u00e7enekleri aras\u0131nda mezuniyet kutlamalar\u0131 i\u00e7in geni\u015f g\u00fcverteli tekneler tercih edilirken, evlenme teklifleri i\u00e7in daha \u00f6zel ve romantik tasar\u0131mlar sunulabilir. G\u00fcn\u00fcbirlik <\/span><b>tekne turu \u0130stanbul<\/b><span style=\"font-weight: 400;\"> i\u00e7in planland\u0131\u011f\u0131nda, sabah erken saatlerde ba\u015flayan turlar sayesinde Bo\u011faz\u2019\u0131n sessizli\u011fiyle bulu\u015fmak m\u00fcmk\u00fcnd\u00fcr. Bekarl\u0131\u011fa veda partileri ise genellikle gece <\/span><a href=\"https:\/\/www.teknevia.com\/tekne-turu\"><span style=\"font-weight: 400;\">tekne turu<\/span><\/a><span style=\"font-weight: 400;\"> \u0130stanbul organizasyonlar\u0131 \u00e7er\u00e7evesinde d\u00fczenlenir. \u0130stanbul tekne turu programlar\u0131nda gece \u0131\u015f\u0131klar\u0131 alt\u0131nda bo\u011fazda s\u00fcz\u00fclmek, bu \u00f6zel geceleri unutulmaz k\u0131lar. Kurumsal etkinlikler ve i\u015f yemekleri i\u00e7inse teknik donan\u0131ml\u0131 ve kapal\u0131 salon b\u00f6l\u00fcm\u00fc olan yatlar tercih edilir.<\/span><\/p>\n<p><span style=\"font-weight: 400;\">\u0130stanbul tekne turlar\u0131 kapsam\u0131nda catering hizmeti, m\u00fczik sistemi, DJ performans\u0131, canl\u0131 m\u00fczik, foto\u011fraf ve video \u00e7ekimi, drone \u00e7ekimi, s\u00fcsleme hizmetleri, lazer g\u00f6sterileri gibi ekstralar da sunulabilir. \u0130stanbul tekne turu organizasyonlar\u0131nda iftar etkinlikleri i\u00e7in \u00f6zel men\u00fcler, semazen g\u00f6sterileri ve Ramazan\u2019a \u00f6zel konsept s\u00fcslemeler \u00f6ne \u00e7\u0131kar. Bal\u0131k tutma turlar\u0131 da \u0130stanbul tekne turlar\u0131 kapsam\u0131nda d\u00fczenlenmektedir. \u00d6zellikle sabah saatlerinde d\u00fczenlenen bu turlar, deniz severler i\u00e7in farkl\u0131 bir deneyim sunar. G\u00fcn\u00fcbirlik tekne turu \u0130stanbul \u00e7evresinde do\u011fa ile i\u00e7 i\u00e7e bir g\u00fcn ge\u00e7irmek isteyenler i\u00e7in ideal bir alternatiftir. \u0130stanbul \u00f6zel tekne turu deneyimlerinde tamamen ki\u015fiselle\u015ftirilmi\u015f i\u00e7erikler planlamak m\u00fcmk\u00fcnd\u00fcr. Teknevia, bu s\u00fcre\u00e7te kullan\u0131c\u0131lar\u0131n isteklerine uygun \u00f6zelle\u015ftirmeler yaparak deneyimi en \u00fcst seviyeye \u00e7\u0131kar\u0131r.<\/span><\/p>\n<h2><span style=\"font-weight: 400;\">\u0130stanbul Tekne Turu Fiyatlar\u0131<\/span><\/h2>\n<p><span style=\"font-weight: 400;\">\u0130stanbul tekne turu fiyatlar\u0131, pek \u00e7ok de\u011fi\u015fkene ba\u011fl\u0131 olarak belirlenir. \u00d6ncelikle \u0130stanbul tekne turu planlarken turun s\u00fcresi, ki\u015fi say\u0131s\u0131 ve kullan\u0131lacak teknenin b\u00fcy\u00fckl\u00fc\u011f\u00fc fiyatlar\u0131 do\u011frudan etkiler. K\u00fc\u00e7\u00fck gruplar i\u00e7in tasarlanm\u0131\u015f tekneler ile kalabal\u0131k organizasyonlara uygun yatlar aras\u0131nda ciddi fiyat farklar\u0131 olabilir. \u0130stanbul tekne turlar\u0131 s\u0131ras\u0131nda sunulan ikramlar, m\u00fczik sistemleri, DJ veya canl\u0131 m\u00fczik gibi ek hizmetler fiyatlar\u0131n artmas\u0131na neden olur. \u00d6rne\u011fin; sadece tur ve temel ikramlar ile yap\u0131lan bir \u0130stanbul g\u00fcn\u00fcbirlik tekne turu fiyat\u0131 ile, canl\u0131 m\u00fczik ve s\u00fcslemeler eklenmi\u015f bir \u00f6zel kutlama organizasyonunun fiyat\u0131 aras\u0131nda fark olu\u015fur..<\/span><\/p>\n<p><a href=\"https:\/\/www.teknevia.com\/karakoy-tekne-turu\"><span style=\"font-weight: 400;\">Karak\u00f6y tekne turu fiyatlar\u0131<\/span><\/a><span style=\"font-weight: 400;\"> gibi semte g\u00f6re farkl\u0131l\u0131k g\u00f6steren \u00fccretlendirmeler de bulunmaktad\u0131r. \u00d6zellikle marinadan kalk\u0131\u015f yap\u0131lan b\u00f6lgeler, farkl\u0131 hizmet standartlar\u0131na ve maliyetlere sahip olabilir. Bu nedenle tur planlarken kalk\u0131\u015f lokasyonuna g\u00f6re fiyat kar\u015f\u0131la\u015ft\u0131rmas\u0131 yap\u0131lmas\u0131 tavsiye edilir. <\/span><b>\u0130stanbul tekne turu fiyatlar\u0131<\/b><span style=\"font-weight: 400;\"> \u00fczerinde bir di\u011fer \u00f6nemli etken ise sezonluk de\u011fi\u015fikliklerdir. Yaz aylar\u0131nda ve bayram tatilleri gibi \u00f6zel d\u00f6nemlerde fiyatlar art\u0131\u015f g\u00f6sterebilir. Daha sakin d\u00f6nemlerde ise daha ekonomik se\u00e7enekler bulunabilir. \u00d6zetle, \u0130stanbul tekne turlar\u0131 fiyatlar\u0131n\u0131 etkileyen ana fakt\u00f6rler \u015f\u00f6yle \u00f6zetlenebilir:<\/span><\/p>\n<ul>\n<li style=\"font-weight: 400;\" aria-level=\"1\"><span style=\"font-weight: 400;\">Tur s\u00fcresi (saatlik, g\u00fcnl\u00fck, gece)<\/span><\/li>\n<li style=\"font-weight: 400;\" aria-level=\"1\"><span style=\"font-weight: 400;\">Tekne tipi ve kapasitesi<\/span><\/li>\n<li style=\"font-weight: 400;\" aria-level=\"1\"><span style=\"font-weight: 400;\">Se\u00e7ilen ekstralar ve hizmetler<\/span><\/li>\n<li style=\"font-weight: 400;\" aria-level=\"1\"><span style=\"font-weight: 400;\">Sezonluk yo\u011funluk<\/span><\/li>\n<li style=\"font-weight: 400;\" aria-level=\"1\"><span style=\"font-weight: 400;\">Kalk\u0131\u015f noktas\u0131<\/span><\/li>\n<\/ul>\n<p><span style=\"font-weight: 400;\">\u0130stanbul bo\u011faz tekne turu fiyatlar\u0131 \u00f6zel etkinlikler i\u00e7in planland\u0131\u011f\u0131nda, i\u00e7eri\u011fe ba\u011fl\u0131 olarak geni\u015f bir skalaya yay\u0131labilir. \u0130stanbul tekne turu planlar\u0131nda \u00f6zel tekne turu \u0130stanbul i\u00e7in ki\u015fisel men\u00fc, m\u00fczik grubu gibi ekstralar eklenirse, b\u00fct\u00e7eniz do\u011frultusunda olduk\u00e7a l\u00fcks organizasyonlar planlaman\u0131z da m\u00fcmk\u00fcnd\u00fcr. Gece tekne turu \u0130stanbul se\u00e7eneklerinde genellikle ekstra \u0131\u015f\u0131kland\u0131rma ve e\u011flence hizmetleri de sunuldu\u011fu i\u00e7in bu turlar\u0131n fiyatlar\u0131 standart turlara g\u00f6re biraz daha y\u00fcksek olabilmektedir.<\/span><\/p>\n<p><b>\u0130stanbul bo\u011faz tekne turu<\/b><span style=\"font-weight: 400;\"> gibi deneyimlerde fiyat\u0131 etkileyen bir di\u011fer unsur da hava \u015fartlar\u0131na g\u00f6re rota de\u011fi\u015fikli\u011fidir. \u00d6zellikle olumsuz hava ko\u015fullar\u0131nda, daha k\u0131sa ama g\u00fcvenli rotalar tercih edilir ve bu da bazen fiyat\u0131 etkileyebilir. \u00d6zellikle \u0130stanbul bo\u011faz turu \u00f6zel tekne fiyatlar\u0131 incelendi\u011finde, ki\u015fi ba\u015f\u0131 fiyatland\u0131rmalar\u0131n yan\u0131 s\u0131ra t\u00fcm teknenin g\u00fcnl\u00fck kiralama bedeli de dikkat \u00e7ekmektedir. Bu nedenle \u0130stanbul tekne turu yaparken, \u0130stanbul da tekne turu planlarken t\u00fcm detaylar\u0131 \u00f6nceden konu\u015fman\u0131z \u00f6nemlidir.<\/span><\/p>\n","protected":false},"excerpt":{"rendered":"<p>\u0130stanbul Tekne Turu \u0130stanbul, iki k\u0131tay\u0131 birbirine ba\u011flayan e\u015fsiz konumuyla, deniz \u00fcst\u00fcnden ke\u015ffedildi\u011finde bamba\u015fka bir g\u00fczelli\u011fe kavu\u015fur. Bu y\u00fczden \u0130stanbul tekne turlar\u0131, hem yerli hem yabanc\u0131 ziyaret\u00e7iler i\u00e7in vazge\u00e7ilmez bir deneyim h\u00e2line gelir. Bo\u011faz&#8217;\u0131n ortas\u0131nda s\u00fcz\u00fcl\u00fcrken bir yandan tarihi yal\u0131lar\u0131 izlemek, bir yandan g\u00fcn bat\u0131m\u0131n\u0131n renkleri i\u00e7inde kaybolmak m\u00fcmk\u00fcnd\u00fcr. \u0130stanbul tekne turu se\u00e7enekleri, romantik ak\u015fam [&hellip;]<\/p>\n","protected":false},"author":1,"featured_media":0,"parent":0,"menu_order":0,"comment_status":"closed","ping_status":"closed","template":"","meta":[],"_links":{"self":[{"href":"https:\/\/www.teknevia.com\/blog\/wp-json\/wp\/v2\/pages\/1032"}],"collection":[{"href":"https:\/\/www.teknevia.com\/blog\/wp-json\/wp\/v2\/pages"}],"about":[{"href":"https:\/\/www.teknevia.com\/blog\/wp-json\/wp\/v2\/types\/page"}],"author":[{"embeddable":true,"href":"https:\/\/www.teknevia.com\/blog\/wp-json\/wp\/v2\/users\/1"}],"replies":[{"embeddable":true,"href":"https:\/\/www.teknevia.com\/blog\/wp-json\/wp\/v2\/comments?post=1032"}],"version-history":[{"count":1,"href":"https:\/\/www.teknevia.com\/blog\/wp-json\/wp\/v2\/pages\/1032\/revisions"}],"predecessor-version":[{"id":1033,"href":"https:\/\/www.teknevia.com\/blog\/wp-json\/wp\/v2\/pages\/1032\/revisions\/1033"}],"wp:attachment":[{"href":"https:\/\/www.teknevia.com\/blog\/wp-json\/wp\/v2\/media?parent=1032"}],"curies":[{"name":"wp","href":"https:\/\/api.w.org\/{rel}","templated":true}]}}