{"id":211,"date":"2023-03-12T14:55:04","date_gmt":"2023-03-12T11:55:04","guid":{"rendered":"https:\/\/blog.teknevia.com\/?page_id=211"},"modified":"2024-10-10T22:06:03","modified_gmt":"2024-10-10T19:06:03","slug":"homepage","status":"publish","type":"page","link":"https:\/\/www.teknevia.com\/blog\/homepage","title":{"rendered":"Teknevia: Tek T\u0131kla Tekne Kirala!"},"content":{"rendered":"<h2><span style=\"font-weight: 400;\">Teknevia: Tek T\u0131kla Tekne Kirala!<\/span><\/h2>\n<p><b>Teknevia<\/b><span style=\"font-weight: 400;\">, T\u00fcrkiye&#8217;nin ilk saatlik tekne kiralama platformu olarak 2021 y\u0131l\u0131ndan bu yana hizmet vermektedir. \u0130stanbul&#8217;da ba\u015flayan faaliyetlerini, 2024 y\u0131l\u0131 itibar\u0131yla Bodrum, G\u00f6cek, Fethiye gibi pop\u00fcler turistik b\u00f6lgelere geni\u015fleterek T\u00fcrkiye genelinde deniz turizminde \u00f6nemli bir oyuncu haline gelen. Teknevia, tekne kiralama s\u00fcrecini dijitalle\u015ftirerek h\u0131zl\u0131, g\u00fcvenilir ve \u015feffaf bir deneyim sunmaktad\u0131r.<\/span><\/p>\n<p><span style=\"font-weight: 400;\">Gulet, yat, katamaran gibi farkl\u0131 tekne t\u00fcrlerini kullan\u0131c\u0131lar\u0131na sunarken, saatlik, g\u00fcnl\u00fck veya haftal\u0131k kiralama se\u00e7enekleri de sa\u011flayan Teknevia\u2019da; m\u00fc\u015fteriler, g\u00fcnl\u00fck veya haftal\u0131k tekne kiralamalar\u0131nda do\u011frudan tekne sahipleriyle ileti\u015fim kurup ihtiya\u00e7lar\u0131na uygun tekne kiralayabimektedir. Teknevia ile teknede d\u00fc\u011f\u00fcn, evlilik teklifi ve do\u011fum g\u00fcn\u00fc gibi \u00f6zel etkinlikler de organize edilebilmektedir.<\/span><\/p>\n<p><span style=\"font-weight: 400;\">2024 y\u0131l\u0131 itibar\u0131yla 10.000&#8217;den fazla rezervasyona arac\u0131l\u0131k eden Teknevia, saatlik tekne kiralama modelinde T\u00fcrkiye&#8217;nin \u00f6nc\u00fcs\u00fc konumundad\u0131r. Sundu\u011fu g\u00fcvenli \u00f6deme se\u00e7enekleri ve an\u0131nda rezervasyon imkanlar\u0131yla kullan\u0131c\u0131lara planl\u0131 ve g\u00fcvenilir bir sistem sunan Teknevia\u2019da, teknelerin platforma dahil olabilmesi i\u00e7in \u00e7e\u015fitli onay s\u00fcre\u00e7lerinden ge\u00e7mesi gerekmektedir ve platformda kald\u0131klar\u0131 s\u00fcre zarf\u0131nda hizmet kalitesi s\u00fcrekli olarak denetlenmektedir\u200b.<\/span><\/p>\n<h2><span style=\"font-weight: 400;\">Her \u0130htiyaca Uygun \u00c7\u00f6z\u00fcmler Teknevia\u2019da!<\/span><\/h2>\n<p><span style=\"font-weight: 400;\">Teknevia \u00fczerinden gulet, yat, katamaran gibi farkl\u0131 tekne t\u00fcrlerini se\u00e7ebilir, b\u00fct\u00e7enize ve ihtiya\u00e7lar\u0131n\u0131za en uygun olan\u0131n\u0131 kolayca kiralayabilirsiniz. Saatlik, g\u00fcnl\u00fck ve haftal\u0131k kiralama se\u00e7enekleri ile tatilinizi veya etkinliklerinizi deniz \u00fczerinde ge\u00e7irmenize imkan sunan platform, tekne sahipleriyle do\u011frudan ileti\u015fim kurman\u0131za olanak tan\u0131r ve yemek, m\u00fczik, s\u00fcsleme gibi ek hizmetlerle organizasyonunuzu unutulmaz bir deneyime d\u00f6n\u00fc\u015ft\u00fcrmenize yard\u0131mc\u0131 olur.\u00a0<\/span><\/p>\n<p><span style=\"font-weight: 400;\">\u00d6zellikle g\u00fcnl\u00fck tekne kiralama hizmeti, after partilerden i\u015f toplant\u0131lar\u0131na, do\u011fum g\u00fcn\u00fc gibi \u00f6zel etkinliklerden sadece denizin tad\u0131n\u0131 \u00e7\u0131karmaya kadar \u00e7e\u015fitli ama\u00e7lar i\u00e7in idealdir. G\u00fcnl\u00fck yat ve tekne kiralama hizmeti, esneklik ve \u00f6zg\u00fcrl\u00fck sa\u011flar. Kendi rotan\u0131z\u0131 belirleyerek, g\u00fcn boyunca istedi\u011finiz g\u00fczergahlarda deniz turu yapabilir, zaman\u0131n\u0131z\u0131 tamamen kontrol edebilirsiniz. Do\u011fum g\u00fcnleri, evlilik teklifleri, y\u0131l d\u00f6n\u00fcmleri gibi unutulmaz an\u0131lar biriktirmek isteyenler i\u00e7in Teknevia ile tekne kiralamak m\u00fckemmel bir se\u00e7enektir.<\/span><\/p>\n<p><span style=\"font-weight: 400;\">Teknevia&#8217;n\u0131n sundu\u011fu \u00f6zel tekne ve yat kiralama hizmetlerinde, organizasyonun t\u00fcr\u00fcne ve ki\u015fisel taleplere g\u00f6re farkl\u0131 hizmetler dahil edilebilir ya da \u00e7\u0131kar\u0131labilir. \u00d6zellikle evlilik teklifleri, after parti, d\u00fc\u011f\u00fcn, ni\u015fan gibi organizasyonlar i\u00e7in masadan s\u00fcslemeye, \u00f6zel DJ performans\u0131na kadar bir\u00e7ok hizmet bulunmaktad\u0131r. Kiralamaya dahil olabilecek hizmetler aras\u0131nda masa s\u00fcsleme, volkanl\u0131 kar\u015f\u0131lama seremonisi, tekne s\u00fcsleme, buket \u00e7i\u00e7ek, foto\u011fraf ve video \u00e7ekimi, kemanc\u0131, alkols\u00fcz i\u00e7ecekler, \u00f6zel isimli kar\u015f\u0131lama panosu, lazer g\u00f6sterisi, k\u0131rm\u0131z\u0131 hal\u0131, s\u0131n\u0131rs\u0131z i\u00e7ecek, do\u011fum g\u00fcn\u00fc pastas\u0131 ve \u00f6zel DJ performans\u0131 yer almaktad\u0131r. Teknevia, her t\u00fcrl\u00fc ihtiyac\u0131n\u0131za uygun geni\u015f yelpazede hizmet se\u00e7enekleri sunarak deniz \u00fczerindeki etkinli\u011finizi tam anlam\u0131yla kusursuz hale getirir.<\/span><\/p>\n<h2><span style=\"font-weight: 400;\">Teknevia ile Saatlik ve G\u00fcnl\u00fck Tekne Kiralama \u0130mkan\u0131<\/span><\/h2>\n<p><span style=\"font-weight: 400;\">\u0130ster birka\u00e7 saatli\u011fine Bo\u011faz&#8217;da bir gezinti, ister hafta sonu i\u00e7in mavi tur planlay\u0131n, Teknevia ile bu deneyimleri kolayca organize edebilirsiniz. Saatlik kiralamalarda minimum 2 saatlik s\u00fcrelerle tekneleri kiralayabilir, g\u00fcnl\u00fck ve haftal\u0131k kiralamalarla ise deniz keyfini uzatabilirsiniz. Teknevia\u2019n\u0131n sundu\u011fu saatlik yat ve tekne kiralama hizmeti, \u00f6zellikle k\u0131sa s\u00fcreli deniz keyfi arayanlar ve \u00f6zel organizasyonlar d\u00fczenlemek isteyenler i\u00e7in m\u00fckemmel bir se\u00e7enektir. \u0130stanbul Bo\u011faz\u0131\u2019n\u0131n muazzam manzaras\u0131 e\u015fli\u011finde saatlik yat kiralama, Bo\u011faz&#8217;da h\u0131zl\u0131 bir gezinti yapmak veya \u00f6zel bir etkinlik ger\u00e7ekle\u015ftirmek isteyenler i\u00e7in s\u0131kl\u0131kla tercih edilmektedir.<\/span><\/p>\n<p><span style=\"font-weight: 400;\">Teknevia, \u0130stanbul Bo\u011faz\u0131\u2019n\u0131n yan\u0131 s\u0131ra; Bodrum, G\u00f6cek, Fethiye gibi pop\u00fcler turistik b\u00f6lgelerde de saatlik, g\u00fcnl\u00fck ve haftal\u0131k kiralama se\u00e7enekleriyle hizmet vermektedir. Ki\u015fi say\u0131s\u0131, organizasyon t\u00fcr\u00fc ve talep edilen ek hizmetler belirlenerek, kullan\u0131c\u0131lar diledikleri saat boyunca kiralad\u0131klar\u0131 tekneden faydalanabilirler. Saatlik fiyatland\u0131rma modeli, bu deneyimi ki\u015fisel tercihlere uygun hale getirir ve kullan\u0131c\u0131lar, k\u0131sa s\u00fcreli deniz turlar\u0131nda dahi unutulmaz anlar ya\u015fayabilir. Teknevia, Bodrum, G\u00f6cek ve Fethiye gibi tatil beldelerinde de geni\u015f yelpazede tekne kiralama hizmetleri sunarak, deniz \u00fczerinde keyifli ve \u00f6zel etkinliklerinizi kusursuz bir \u015fekilde organize etmenize olanak tan\u0131r.<\/span><\/p>\n<h2><span style=\"font-weight: 400;\">Teknevia ile Do\u011fum G\u00fcn\u00fc, Evlilik Teklifi, Bekarl\u0131\u011fa Veda ve Daha Fazlas\u0131<\/span><\/h2>\n<p><span style=\"font-weight: 400;\">Teknevia, \u00f6zel g\u00fcnlerinizi deniz \u00fczerinde kutlaman\u0131z\u0131 sa\u011flayarak r\u00fcya gibi bir atmosfer sunmaktd\u0131r. \u0130ster do\u011fum g\u00fcn\u00fc, evlilik teklifi, bekarl\u0131\u011fa veda partisi; ister romantik bir ak\u015fam yeme\u011fi olsun, deniz \u00fczerinde e\u015fsiz bir ortamda bu \u00f6zel anlar\u0131n\u0131z\u0131 unutulmaz k\u0131labilirsiniz. \u00d6zellikle \u0130stanbul Bo\u011faz\u0131&#8217;n\u0131n b\u00fcy\u00fcleyici manzaras\u0131, Bo\u011fazi\u00e7i ve Adalar\u2019\u0131n g\u00fczellikleri e\u015fli\u011finde etkinliklerinizi denizden izleyerek, \u015fehri farkl\u0131 bir a\u00e7\u0131dan deneyimleme f\u0131rsat\u0131 sunar. \u0130stanbul&#8217;da ya\u015fayanlar, \u015fehri ziyaret eden yerli ve yabanc\u0131 turistler i\u00e7in Teknevia ile yat ve <\/span><a href=\"https:\/\/www.teknevia.com\/tekne-kiralama\"><span style=\"font-weight: 400;\">tekne kiralama<\/span><\/a><span style=\"font-weight: 400;\"> hizmetleri tercih edilmektedir.<\/span><\/p>\n<p><span style=\"font-weight: 400;\">Do\u011fum g\u00fcn\u00fc partileri, evlilik teklifleri veya \u00f6zel kutlamalar i\u00e7in kiralanan yatlar ve tekneler, l\u00fcks ve konforlu bir deniz yolculu\u011fu sa\u011flayarak bu etkinliklerinizi daha da \u00f6zel k\u0131lar. \u0130stanbul&#8217;da; teknede do\u011fum g\u00fcn\u00fc kutlamalar\u0131, yatta mezuniyet partileri, teknede evlilik teklifleri ve d\u00fc\u011f\u00fcnler gibi organizasyonlar s\u0131kl\u0131kla tercih edilir. Bo\u011faz turu ve Adalar gezileri, i\u015f toplant\u0131lar\u0131 ve \u00f6zel yemek davetleri gibi etkinlikler de yat kiralamalar\u0131n\u0131n en \u00e7ok tercih edilenleri aras\u0131nda yer almaktad\u0131r. Arkada\u015flar\u0131n\u0131zla bulu\u015fmak, l\u00fcks bir teknede \u0130stanbul\u2019un muhte\u015fem manzaras\u0131n\u0131n tad\u0131n\u0131 \u00e7\u0131karmak, bu \u00f6zel deneyimleri daha anlaml\u0131 hale getirir.<\/span><\/p>\n<h2><span style=\"font-weight: 400;\">G\u00fcvenli ve H\u0131zl\u0131 Rezervasyon: Teknevia<\/span><\/h2>\n<p><span style=\"font-weight: 400;\">Teknevia\u2019n\u0131n kullan\u0131c\u0131 dostu aray\u00fcz\u00fc ve \u015feffaf fiyatland\u0131rma politikas\u0131 sayesinde, rezervasyon s\u00fcreci son derece h\u0131zl\u0131 ve g\u00fcvenlidir. Tekne sahiplerinden gelen g\u00fcncel foto\u011fraflar, fiyatlar ve kullan\u0131c\u0131 yorumlar\u0131 ile kiralama i\u015flemlerinizi g\u00fcvenle ger\u00e7ekle\u015ftirebilirsiniz. Ayr\u0131ca, platformumuzda g\u00fcvenli \u00f6deme se\u00e7enekleri sayesinde rezervasyonlar\u0131n\u0131z\u0131 g\u00f6n\u00fcl rahatl\u0131\u011f\u0131yla tamamlayabilirsiniz.<\/span><\/p>\n<h2><span style=\"font-weight: 400;\">Teknevia Tekne Kiralama Fiyatlar\u0131<\/span><\/h2>\n<p><span style=\"font-weight: 400;\">Tekne kiralama fiyatlar\u0131, birden fazla fakt\u00f6re ba\u011fl\u0131 olarak de\u011fi\u015fiklik g\u00f6stermektedir. \u00d6ncelikle kiralama s\u00fcresi, fiyatlar \u00fczerinde do\u011frudan etkili olan en \u00f6nemli unsurlardan biridir. Saatlik, g\u00fcnl\u00fck veya haftal\u0131k kiralamalar aras\u0131nda fiyat farklar\u0131 bulunur ve daha uzun s\u00fcreli kiralamalar genellikle daha avantajl\u0131 olabilir. Kiralanacak teknenin t\u00fcr\u00fc de tekne kiralama fiyatlar\u0131n\u0131 belirleyen di\u011fer bir fakt\u00f6rd\u00fcr. Gulet, yat veya katamaran gibi farkl\u0131 tekne t\u00fcrlerinin sundu\u011fu l\u00fcks, kapasite ve \u00f6zellikler fiyatlar\u0131 etkileyen ba\u015fl\u0131ca unsurlardand\u0131r.<\/span><\/p>\n<p><span style=\"font-weight: 400;\">Teknenin kapasitesi, etkinli\u011fin ka\u00e7 ki\u015filik oldu\u011fu veya bir organizasyon i\u00e7in kiralama yapmak da fiyatlar\u0131 etkileyen unsurlar\u0131n ba\u015f\u0131nda gelmektedir. Daha b\u00fcy\u00fck tekneler, daha fazla konuk a\u011f\u0131rlayabilece\u011finden dolay\u0131 fiyat farkl\u0131l\u0131klar\u0131 olabilir. Tekne kiralama fiyatlar\u0131, kiralanacak b\u00f6lgeye g\u00f6re de de\u011fi\u015fiklik g\u00f6stermektedir. \u00d6zellikle \u0130stanbul, Bodrum ve G\u00f6cek gibi pop\u00fcler turistik b\u00f6lgelerde talebin y\u00fcksek olmas\u0131 fiyatlar\u0131 \u015fekillendirmektedir.<\/span><\/p>\n<p><span style=\"font-weight: 400;\">Ek hizmetler de tekne kiralama fiyatlar\u0131na etki eden \u00f6nemli fakt\u00f6rler aras\u0131nda yer almaktad\u0131r.. Yatta sunulacak yemek servisi, DJ performans\u0131, s\u00fcsleme gibi \u00f6zel talepler fiyatlara dahil edilebilir ya da ekstra olarak sunulabilir. T\u00fcm bu etkenler, tekne kiralama fiyatlar\u0131n\u0131 belirlemede \u00f6nemli rol oynar.<\/span><\/p>\n","protected":false},"excerpt":{"rendered":"<p>Teknevia: Tek T\u0131kla Tekne Kirala! Teknevia, T\u00fcrkiye&#8217;nin ilk saatlik tekne kiralama platformu olarak 2021 y\u0131l\u0131ndan bu yana hizmet vermektedir. \u0130stanbul&#8217;da ba\u015flayan faaliyetlerini, 2024 y\u0131l\u0131 itibar\u0131yla Bodrum, G\u00f6cek, Fethiye gibi pop\u00fcler turistik b\u00f6lgelere geni\u015fleterek T\u00fcrkiye genelinde deniz turizminde \u00f6nemli bir oyuncu haline gelen. Teknevia, tekne kiralama s\u00fcrecini dijitalle\u015ftirerek h\u0131zl\u0131, g\u00fcvenilir ve \u015feffaf bir deneyim sunmaktad\u0131r. Gulet, [&hellip;]<\/p>\n","protected":false},"author":1,"featured_media":0,"parent":0,"menu_order":0,"comment_status":"closed","ping_status":"closed","template":"","meta":[],"_links":{"self":[{"href":"https:\/\/www.teknevia.com\/blog\/wp-json\/wp\/v2\/pages\/211"}],"collection":[{"href":"https:\/\/www.teknevia.com\/blog\/wp-json\/wp\/v2\/pages"}],"about":[{"href":"https:\/\/www.teknevia.com\/blog\/wp-json\/wp\/v2\/types\/page"}],"author":[{"embeddable":true,"href":"https:\/\/www.teknevia.com\/blog\/wp-json\/wp\/v2\/users\/1"}],"replies":[{"embeddable":true,"href":"https:\/\/www.teknevia.com\/blog\/wp-json\/wp\/v2\/comments?post=211"}],"version-history":[{"count":19,"href":"https:\/\/www.teknevia.com\/blog\/wp-json\/wp\/v2\/pages\/211\/revisions"}],"predecessor-version":[{"id":763,"href":"https:\/\/www.teknevia.com\/blog\/wp-json\/wp\/v2\/pages\/211\/revisions\/763"}],"wp:attachment":[{"href":"https:\/\/www.teknevia.com\/blog\/wp-json\/wp\/v2\/media?parent=211"}],"curies":[{"name":"wp","href":"https:\/\/api.w.org\/{rel}","templated":true}]}}