{"id":588,"date":"2023-11-17T10:01:46","date_gmt":"2023-11-17T07:01:46","guid":{"rendered":"https:\/\/www.teknevia.com\/blog\/?page_id=588"},"modified":"2023-11-20T09:59:52","modified_gmt":"2023-11-20T06:59:52","slug":"kiralik-tekneler-istanbul","status":"publish","type":"page","link":"https:\/\/www.teknevia.com\/blog\/kiralik-tekneler-istanbul","title":{"rendered":"\u0130stanbul Tekne ve Yat Kiralama"},"content":{"rendered":"<p class=\"p1\">\u0130stanbul yat kiralama hizmetleri ile denizin ve bo\u011faz\u0131n b\u00fcy\u00fcleyici g\u00fczelli\u011fini ke\u015ffetmek, \u00f6zel etkinlikler d\u00fczenlemek veya unutulmaz an\u0131lar biriktirmek isteyenler i\u00e7in harika bir se\u00e7enektir. Bu hizmetler sadece denizin serinletici mavili\u011finin tad\u0131n\u0131 \u00e7\u0131karmakla kalmaz; ayn\u0131 zamanda \u00f6zel etkinlikler d\u00fczenlemenize, romantik anlar ya\u015faman\u0131za veya sadece s\u0131radan g\u00fcnlerinizi unutulmaz an\u0131lara d\u00f6n\u00fc\u015ft\u00fcrmenize olanak tan\u0131r.<\/p>\n<p class=\"p1\">Yat kiralama \u0130stanbul Bo\u011faz\u0131&#8217;n\u0131n etkileyici manzaralar\u0131, tarihi k\u00f6pr\u00fcler ve saraylar, kiralad\u0131\u011f\u0131n\u0131z tekne veya yat\u0131n g\u00fcvertesinden sizinle bulu\u015fur. \u015eehir \u0131\u015f\u0131klar\u0131n\u0131n yans\u0131mas\u0131, g\u00fcn bat\u0131m\u0131 veya gece \u0130stanbul&#8217;un parlayan \u0131\u015f\u0131klar\u0131, tekne yolculu\u011funuzu b\u00fcy\u00fcleyici bir maceraya d\u00f6n\u00fc\u015ft\u00fcr\u00fcr.<\/p>\n<p class=\"p1\">Bunun yan\u0131 s\u0131ra tekne kiralama \u0130stanbul il\u00e7elerinde, \u00f6zel hizmetler sunarak organizasyonlar\u0131n\u0131z\u0131 daha da unutulmaz hale getirmektedir. Lazer g\u00f6sterileri, \u00f6zel s\u00fcslemeler veya di\u011fer e\u011flence se\u00e7enekleri ile etkinliklerinizi ki\u015fiselle\u015ftirebilirsiniz. Firmam\u0131z taraf\u0131ndan sunulan bu hizmetlerden yararlanarak unutulmaz an\u0131lar biriktirebilirsiniz.<\/p>\n<h2 class=\"p2\"><strong>\u0130stanbul Yat Kiralama Deneyimi<\/strong><\/h2>\n<p class=\"p1\">\u0130stanbul tekne kiralama hizmeti al\u0131rken firman\u0131n deneyimi son derece \u00f6nemlidir. Deneyimli bir yat kiralama firmas\u0131, m\u00fc\u015fterilere bir dizi avantaj ve g\u00fcvence sunar. \u0130stanbul&#8217;un su yollar\u0131, r\u00fczgarlar\u0131 ve deniz \u015fartlar\u0131na dair yerel bilgi ve tecr\u00fcbe, yat kiralama deneyimini olumlu bir \u015fekilde etkiler.<\/p>\n<p class=\"p1\">Bununla s\u0131n\u0131rl\u0131 kalmadan filo a\u00e7\u0131s\u0131ndan da \u00f6nemlidir. Deneyimli bir firma y\u00fcksek kaliteli yatlar ve tekneler sunar. Bu daha rahat ve g\u00fcvenli bir deneyim ya\u015faman\u0131z\u0131 sa\u011flar. Hizmetlerimizden olan kiral\u0131k yat \u0130stanbul\u2019da bulunan geli\u015fmi\u015f yat filosu, profesyonel ve deneyimli ekipleriyle en iyi hizmetleri alman\u0131z\u0131 sa\u011flamaktad\u0131r.<\/p>\n<h2 class=\"p2\"><strong>Tekne Kiralama \u0130stanbul ile Bo\u011faz\u0131n Tad\u0131n\u0131 \u00c7\u0131kart\u0131n<\/strong><\/h2>\n<p class=\"p1\">Bo\u011faz\u0131n b\u00fcy\u00fcleyici sular\u0131 ve tarihi g\u00fczellikleri ile \u00fcnl\u00fc olan \u0130stanbul, d\u00fcnya \u00fczerinde e\u015fi benzeri olmayan bir \u015fehirdir. \u0130stanbul Bo\u011faz\u0131&#8217;n\u0131n b\u00fcy\u00fcleyici manzaralar\u0131 ve tarihi zenginlikleri, y\u0131llard\u0131r ziyaret\u00e7ileri kendine \u00e7ekmektedir. Ancak bu g\u00fczellikleri sadece karadan g\u00f6rmek, onlar\u0131 tam anlam\u0131yla hissetmek ve deneyimlemek i\u00e7in yetersiz kal\u0131r. Dolay\u0131s\u0131yla bu noktada kiral\u0131k tekne hizmetleri devreye girmektedir.<\/p>\n<p class=\"p1\">Bo\u011fazda yat kiralama sayesinde Bo\u011faz&#8217;\u0131n serinletici sular\u0131 \u00fczerinde s\u00fcz\u00fcl\u00fcrken, tarihi k\u00f6pr\u00fcleri, saraylar\u0131, camileri ve \u015fehrin simgesel yap\u0131lar\u0131n\u0131 ke\u015ffetme f\u0131rsat\u0131n\u0131 yakalaman\u0131z m\u00fcmk\u00fcnd\u00fcr.<\/p>\n<p class=\"p1\">\u0130stanbul kiral\u0131k yat \u00f6zel etkinlikleriniz i\u00e7in de m\u00fckemmel bir se\u00e7enek sunar. D\u00fc\u011f\u00fcnler, do\u011fum g\u00fcn\u00fc partileri, i\u015f toplant\u0131lar\u0131, mezuniyet kutlamalar\u0131 veya romantik ak\u015fam yemekleri gibi organizasyonlar\u0131n\u0131z\u0131 unutulmaz k\u0131lmak i\u00e7in l\u00fcks tekne se\u00e7enekleri ve \u00f6zelle\u015ftirilmi\u015f hizmetler verilmektedir. Bu gibi y\u00f6nleri ile hizmetlerimiz pek \u00e7ok ki\u015fi taraf\u0131ndan kullan\u0131labilir. E\u011fer yat kiralama \u0130stanbul fiyat almak istiyorsan\u0131z, bizimle ileti\u015fime ge\u00e7meniz m\u00fcmk\u00fcnd\u00fcr.<\/p>\n<h2 class=\"p2\"><strong>\u0130stanbul&#8217;da Yat Kiralama Fiyatlar\u0131<\/strong><\/h2>\n<p class=\"p1\">\u0130stanbul&#8217;da yat kiralama fiyatlar\u0131 farkl\u0131 unsurlara g\u00f6re art\u0131p azalabilir. \u00d6zellikle se\u00e7ilecek ek hizmetler, fiyat\u0131 etkileyen en \u00f6nemli fakt\u00f6rlerden biridir. Ki\u015filerin se\u00e7tikleri hizmetlere g\u00f6re fiyatlar artabilmektedir. Bu bak\u0131mdan her organizasyon i\u00e7in farkl\u0131 fiyatlar verilmektedir.<\/p>\n<p class=\"p1\">Ayr\u0131ca fiyatlar \u00fczerinde farkl\u0131 etmenler de vard\u0131r. \u0130stanbul yat kiralama fiyat\u00a0 aral\u0131\u011f\u0131 sezon ve \u00f6zel tatil tarihlerine ba\u011fl\u0131 olarak de\u011fi\u015febilir. Y\u00fcksek sezonlarda veya tatil g\u00fcnlerinde kiralama daha pahal\u0131 olabilir.<\/p>\n<h2 class=\"p2\"><strong>G\u00fcvenilir Hizmet ile: Kiral\u0131k Yat \u0130stanbul<\/strong><\/h2>\n<p class=\"p1\">G\u00fcvenilir bir yat kiralama firmas\u0131 m\u00fc\u015fterilerinin g\u00fcvenli\u011fini en \u00fcst d\u00fczeyde tutar. Gerekli denizcilik standartlar\u0131na uygun tekneleri ve e\u011fitimli m\u00fcrettebat\u0131 sa\u011flar, b\u00f6ylece deniz yolculu\u011funuz s\u0131ras\u0131nda g\u00fcvende olursunuz. Firmam\u0131z g\u00fcvenli\u011fi \u0130stanbulda yat kiralama fiyatlar\u0131 konusunda en uygun se\u00e7eneklerle birle\u015ftirmektedir.<\/p>\n<p class=\"p1\">Ayr\u0131ca gerekli izinlere ve lisanslara sahiptir ve yasal d\u00fczenlemelere tam olarak uyulmas\u0131 da \u00f6nemlidir. Bu m\u00fc\u015fteriler i\u00e7in yasal bir koruma sa\u011flar. Bunlar\u0131n yan\u0131 s\u0131ra m\u00fc\u015fteri deneyimi bak\u0131m\u0131ndan da \u015fartt\u0131r. G\u00fcvenilir firmalar m\u00fc\u015fteri memnuniyetine b\u00fcy\u00fck \u00f6nem vermeli, m\u00fc\u015fteri taleplerine duyarl\u0131 olmal\u0131 sorular\u0131 yan\u0131tlamal\u0131 ve her t\u00fcrl\u00fc yard\u0131m\u0131 sa\u011flamal\u0131d\u0131r. Son olarak temizlik ve hijyeni de unutmamak gerekir.<\/p>\n<p class=\"p1\">Bu gibi konulara dikkat eden firmam\u0131z, \u0130stanbul kiral\u0131k tekne konusunda g\u00fcvenilir, temiz ve g\u00fcler y\u00fczl\u00fc hizmet alman\u0131z\u0131 m\u00fcmk\u00fcn hale getirmektedir.<\/p>\n<h2 class=\"p2\"><strong>Bo\u011fazda Yat Kiralama Nas\u0131l Yap\u0131l\u0131r?<\/strong><\/h2>\n<p class=\"p1\">Firmam\u0131z \u00fczerinden bo\u011fazda k\u00fc\u00e7\u00fck tekne kiralama \u0130stanbul kolay bir \u015fekilde yap\u0131labilmektedir. Genel anlamda a\u015fa\u011f\u0131daki ad\u0131mlar\u0131 izleyerek bir rezervasyon siz de hemen yapabilirsiniz:<\/p>\n<ul class=\"ul1\">\n<li class=\"li3\">Farkl\u0131 yat kiralama hizmetlerimizi inceleyerek aralar\u0131ndan hangisinin kendinize ve ihtiya\u00e7lar\u0131n\u0131za uygun oldu\u011funu belirleyin.<\/li>\n<li class=\"li3\">Kiralama yapmay\u0131 d\u00fc\u015f\u00fcnd\u00fc\u011f\u00fcn\u00fcz tarihleri belirleyin ve bu tarihlerde yatlar\u0131n m\u00fcsait olup olmad\u0131\u011f\u0131n\u0131 kontrol edin. Ayr\u0131ca ek hizmetler hakk\u0131nda d\u00fc\u015f\u00fcn\u00fcn.<\/li>\n<li class=\"li3\">Bizimle ileti\u015fime ge\u00e7in ve merak etti\u011finiz konular\u0131 dan\u0131\u015f\u0131n. Firma ileti\u015fim bilgilerini web sitelerinde veya ileti\u015fim formlar\u0131nda bulabilirsiniz.<\/li>\n<li class=\"li3\">\u0130stedi\u011finiz\u00a0 ek hizmetleri se\u00e7tikten sonra, \u00f6deme i\u015flemini tamamlayarak rezervasyonunuzu yapabilirsiniz. Rezervasyonunuz tamamland\u0131\u011f\u0131nda, tarihlerinizi ve detaylar\u0131 onaylay\u0131n ve seyahatinizi beklemeye ba\u015flay\u0131n.<\/li>\n<\/ul>\n<p class=\"p1\">Tekne kiralama bo\u011faz i\u00e7erisinde yap\u0131lacaksa, bu ad\u0131mlar\u0131 takip ederek olduk\u00e7a basit hale gelir. M\u00fc\u015fterilerimiz yat kiralama ko\u015fullar\u0131 \u00fczerine bilgilendirilmektedir.<\/p>\n<h2 class=\"p2\"><strong>Kiral\u0131k Tekne ve Yat \u0130stanbul i\u00e7in En \u00c7ok Tercih Edilen Lokasyonlar<\/strong><\/h2>\n<p class=\"p1\">\u0130stanbul tekne kiralama pek \u00e7ok yerde yap\u0131labilir. Bu il\u00e7eler aras\u0131nda Bebek, Beylikd\u00fcz\u00fc, Be\u015fikta\u015f gibi konumlar sahip olduklar\u0131 manzara ve tarihi g\u00fczellikler ile daha fazla tercih edilmektedir. G\u00fcn\u00fcbirlik tekne kiralama \u0130stanbul fiyatlar\u0131, firmam\u0131z taraf\u0131ndan en uygun fiyatlar ile sizlere verilmektedir.<\/p>\n<h3 class=\"p4\"><strong>Bebek Tekne Kiralama<\/strong><\/h3>\n<p class=\"p1\">Bebek tekne kiralama en \u00e7ok tercih edilen rotalar aras\u0131ndad\u0131r. \u0130stanbul&#8217;da kiral\u0131k tekne ve yat se\u00e7enekleri arayanlar i\u00e7in Bebek, \u015fehrin en g\u00f6zde ve tercih edilen lokasyonlar\u0131ndan biridir.<\/p>\n<p class=\"p1\">Bebek tarihi ve do\u011fal g\u00fczellikleri bir araya getiren bir b\u00f6lge olarak \u00f6ne \u00e7\u0131kar. \u0130stanbul Bo\u011faz\u0131&#8217;n\u0131n k\u0131y\u0131s\u0131nda bulunmas\u0131 nedeniyle, Bebek&#8217;ten muhte\u015fem deniz manzaralar\u0131 ve Bo\u011faz&#8217;\u0131n ihti\u015fam\u0131 her zaman yak\u0131ndad\u0131r. \u00d6zellikle g\u00fcn bat\u0131m\u0131nda veya gece, Bo\u011faz&#8217;\u0131n sular\u0131 etkileyici bir manzara sunar. Motoryat kiralama \u0130stanbul kapsam\u0131nda s\u0131k s\u0131k bu y\u00f6nleriyle tercih edilmektedir.<\/p>\n<h3 class=\"p4\"><strong>Beylikd\u00fcz\u00fc Tekne Kiralama<\/strong><\/h3>\n<p class=\"p1\">\u00d6zel yat kiralama \u0130stanbul Beylikd\u00fcz\u00fc, \u015fehrin modern ve dinamik bir semti olup denizle i\u00e7 i\u00e7e bir deneyim sunar. Beylikd\u00fcz\u00fc, \u0130stanbul&#8217;un Avrupa yakas\u0131nda, Marmara Denizi&#8217;ne k\u0131y\u0131s\u0131 olan bir b\u00f6lgedir.\u00a0 Bu bak\u0131mdan Beylikd\u00fcz\u00fc tekne kiralama Marmara Denizi&#8217;nin sakin sular\u0131nda unutulmaz bir deneyim olu\u015fturur.<\/p>\n<h3 class=\"p4\"><strong>Be\u015fikta\u015f Yat Kiralama<\/strong><\/h3>\n<p class=\"p1\">Be\u015fikta\u015f \u0130stanbul&#8217;da kiral\u0131k tekne ve yat se\u00e7enekleri arayanlar i\u00e7in pop\u00fcler bir lokasyondur. Be\u015fikta\u015f, \u0130stanbul&#8217;un Avrupa yakas\u0131nda yer al\u0131r ve \u015fehrin merkezi konumlar\u0131ndan biridir.<\/p>\n<p class=\"p1\">\u015eehrin farkl\u0131 b\u00f6lgelerine gitmek isteyenler i\u00e7in bu semt ideal bir ba\u015flang\u0131\u00e7 noktas\u0131d\u0131r. Hem tarihi hem de k\u00fclt\u00fcrel anlamda pek \u00e7ok zenginli\u011fe sahiptir. Dolmabah\u00e7e Saray\u0131 gibi \u00f6nemli tarihi yap\u0131lar ve m\u00fczeler; Be\u015fikta\u015f yat kiralama esnas\u0131nda g\u00f6r\u00fclebilmektedir.<\/p>\n<h3 class=\"p4\"><strong>Ortak\u00f6y Tekne Kiralama<\/strong><\/h3>\n<p class=\"p1\">Ortak\u00f6y tekne kiralama bu kapsamda se\u00e7enekleri arayanlar i\u00e7in \u00f6zel bir lokasyon olarak \u00f6ne \u00e7\u0131kar. Ortak\u00f6y&#8217;\u00fcn simgesi haline gelmi\u015f olan Ortak\u00f6y Camii, \u0130stanbul Bo\u011faz\u0131&#8217;n\u0131n k\u0131y\u0131s\u0131nda yer al\u0131r. Camii, barok tarz\u0131 mimarisiyle dikkat \u00e7eker ve \u00e7evresindeki manzaralarla birle\u015ferek b\u00fcy\u00fcleyici bir g\u00f6r\u00fcn\u00fcm sunar.<\/p>\n<p class=\"p1\">Bo\u011faz turlar\u0131 esnas\u0131nda bu camiyi denizden izleyerek g\u00fczelli\u011fini incelemek m\u00fcmk\u00fcnd\u00fcr. Ayr\u0131ca Ortak\u00f6y, \u0130stanbul Bo\u011faz\u0131&#8217;n\u0131n k\u00f6pr\u00fclerine yak\u0131n bir konumda bulunur. Bu nedenle, k\u00f6pr\u00fclerin alt\u0131ndan ge\u00e7mek ve farkl\u0131 yakalardaki manzaralar\u0131 ke\u015ffetmek i\u00e7in m\u00fckemmeldir.<\/p>\n<h3 class=\"p4\"><strong>Anadolu Yakas\u0131 Tekne Kiralama<\/strong><\/h3>\n<p class=\"p1\">\u0130stanbul&#8217;da kiral\u0131k tekne ve yat se\u00e7enekleri arayanlar i\u00e7in Anadolu Yakas\u0131, muhte\u015fem manzaralar\u0131, do\u011fal g\u00fczellikleri ve \u00e7e\u015fitli marinalar\u0131yla \u00f6ne \u00e7\u0131kan pop\u00fcler bir lokasyondur.<\/p>\n<p class=\"p1\">Tekne kiralama Anadolu Yakas\u0131 \u0130stanbul Bo\u011faz\u0131&#8217;n\u0131n Asya taraf\u0131nda yer ald\u0131\u011f\u0131 i\u00e7in, Avrupa Yakas\u0131 manzaralar\u0131n\u0131 sunar. \u00d6zellikle Kad\u0131k\u00f6y, \u00dcsk\u00fcdar ve \u00c7engelk\u00f6y gibi b\u00f6lgelerden Bo\u011faz manzaralar\u0131n\u0131 izlemek, unutulmaz bir deneyim sunar.<\/p>\n","protected":false},"excerpt":{"rendered":"<p>\u0130stanbul yat kiralama hizmetleri ile denizin ve bo\u011faz\u0131n b\u00fcy\u00fcleyici g\u00fczelli\u011fini ke\u015ffetmek, \u00f6zel etkinlikler d\u00fczenlemek veya unutulmaz an\u0131lar biriktirmek isteyenler i\u00e7in harika bir se\u00e7enektir. Bu hizmetler sadece denizin serinletici mavili\u011finin tad\u0131n\u0131 \u00e7\u0131karmakla kalmaz; ayn\u0131 zamanda \u00f6zel etkinlikler d\u00fczenlemenize, romantik anlar ya\u015faman\u0131za veya sadece s\u0131radan g\u00fcnlerinizi unutulmaz an\u0131lara d\u00f6n\u00fc\u015ft\u00fcrmenize olanak tan\u0131r. Yat kiralama \u0130stanbul Bo\u011faz\u0131&#8217;n\u0131n etkileyici manzaralar\u0131, [&hellip;]<\/p>\n","protected":false},"author":2,"featured_media":0,"parent":0,"menu_order":0,"comment_status":"closed","ping_status":"closed","template":"","meta":[],"_links":{"self":[{"href":"https:\/\/www.teknevia.com\/blog\/wp-json\/wp\/v2\/pages\/588"}],"collection":[{"href":"https:\/\/www.teknevia.com\/blog\/wp-json\/wp\/v2\/pages"}],"about":[{"href":"https:\/\/www.teknevia.com\/blog\/wp-json\/wp\/v2\/types\/page"}],"author":[{"embeddable":true,"href":"https:\/\/www.teknevia.com\/blog\/wp-json\/wp\/v2\/users\/2"}],"replies":[{"embeddable":true,"href":"https:\/\/www.teknevia.com\/blog\/wp-json\/wp\/v2\/comments?post=588"}],"version-history":[{"count":2,"href":"https:\/\/www.teknevia.com\/blog\/wp-json\/wp\/v2\/pages\/588\/revisions"}],"predecessor-version":[{"id":590,"href":"https:\/\/www.teknevia.com\/blog\/wp-json\/wp\/v2\/pages\/588\/revisions\/590"}],"wp:attachment":[{"href":"https:\/\/www.teknevia.com\/blog\/wp-json\/wp\/v2\/media?parent=588"}],"curies":[{"name":"wp","href":"https:\/\/api.w.org\/{rel}","templated":true}]}}