{"id":614,"date":"2023-11-27T22:44:29","date_gmt":"2023-11-27T19:44:29","guid":{"rendered":"https:\/\/www.teknevia.com\/blog\/?page_id=614"},"modified":"2023-12-01T17:23:27","modified_gmt":"2023-12-01T14:23:27","slug":"kiralik-tekneler-kisa-uygun-tekneler","status":"publish","type":"page","link":"https:\/\/www.teknevia.com\/blog\/kiralik-tekneler-kisa-uygun-tekneler","title":{"rendered":"K\u0131\u015fa Uygun Kiral\u0131k Tekneler"},"content":{"rendered":"<p class=\"p2\">K\u0131\u015f aylar\u0131 genellikle serin ve sakin bir \u015fekilde seyreder.\u00a0 Her ne kadar bu d\u00f6nemlerde yat kiralaman\u0131n yap\u0131lamayaca\u011f\u0131 d\u00fc\u015f\u00fcn\u00fclse de asl\u0131nda \u00f6yle de\u011fildir. Talep halinde bu hizmetler sadece bahar ve yaz aylar\u0131nda de\u011fil, her mevsim ger\u00e7ekle\u015ftirilebilir. Yat kiralama avantajlar\u0131yla bu mevsimi keyifli ve unutulmaz bir tatil deneyimine d\u00f6n\u00fc\u015ft\u00fcrmeniz m\u00fcmk\u00fcnd\u00fcr. K\u0131\u015f aylar\u0131nda yat kiralaman\u0131n bir\u00e7ok avantaj\u0131 bulunmaktad\u0131r.<\/p>\n<p class=\"p2\">Bunun avantajlar\u0131ndan bir tanesi imkanlard\u0131r. Yaz ve bahar gibi yo\u011fun sezonlarda ya\u015fanan rezervasyon s\u0131k\u0131nt\u0131s\u0131 genellikle k\u0131\u015f aylar\u0131nda yer almamaktad\u0131r. Bu bak\u0131mdan \u00e7o\u011fu zaman ki\u015filer istedi\u011finiz tarihlerde istedi\u011finiz yat\u0131 kiralama \u015fans\u0131na sahip olabilmektedir.<\/p>\n<p class=\"p2\">Bununla s\u0131n\u0131rl\u0131 kalmadan k\u0131\u015f aylar\u0131nda denizler genellikle daha sakin olur. Bu bak\u0131mdan daha sakin bir \u015fekilde dinlenme olana\u011f\u0131 da vard\u0131r. Yaz aylar\u0131nda ya\u015fanan yo\u011fun kalabal\u0131k ve hareketlilik k\u0131\u015f mevsiminde azal\u0131r. Bu iki durum daha sakin ve huzurlu bir tatil deneyimi ya\u015faman\u0131za olanak tan\u0131r. Denizin keyfini \u00e7\u0131karmak ve e\u015fsiz manzaralar e\u015fli\u011finde keyifli bir seyahat ya\u015famak i\u00e7in \u00f6zel tekne kiralama k\u0131\u015f olduk\u00e7a uygundur. Peki, K\u0131\u015f aylar\u0131nda tekne kiralan\u0131r m\u0131?<\/p>\n<h2 class=\"p3\"><strong>K\u0131\u015f\u0131n Tekne ve Yat Kiralan\u0131r M\u0131?<\/strong><\/h2>\n<p class=\"p2\">\u00d6zel tekne kiralanabilir mi sorusuna verilebilecek yan\u0131t evet olup, bu hizmetler bug\u00fcn pek \u00e7ok ki\u015fi taraf\u0131ndan farkl\u0131 etkinlikler i\u00e7in kullan\u0131lmaktad\u0131r. Her ne kadar yaz aylar\u0131 \u00e7ok daha yo\u011fun olsa da asl\u0131nda k\u0131\u015f aylar\u0131nda da kullan\u0131lmas\u0131 m\u00fcmk\u00fcnd\u00fcr. Ancak k\u0131\u015f aylar\u0131nda tekne kiralama ile neler yap\u0131labilece\u011fi de sorulabilir.<\/p>\n<h2><strong>K\u0131\u015f\u0131n Tekne ve Yat Kiralama ile Neler Yap\u0131labilir?<\/strong><\/h2>\n<p>K\u0131\u015f aylar\u0131nda yapaca\u011f\u0131n\u0131z kiralama i\u015flemi ile yaz aylar\u0131nda da oldu\u011fu i\u00e7in bir\u00e7ok organizasyon ve etkinlik yap\u0131labilmektedir. Bunlardan baz\u0131lar\u0131 ve genel olarak en \u00e7ok tercih edilenleri \u015fu \u015fekildedir:<\/p>\n<h3 class=\"p4\"><strong>Do\u011fum G\u00fcn\u00fc Kutlamas\u0131<\/strong><\/h3>\n<p class=\"p2\">Do\u011fum g\u00fcnleri tekne kiralad\u0131ktan sonra yapabilece\u011finiz ilk etkinliktir. K\u0131\u015fa uygun olarak d\u00fczenleyece\u011finiz <a href=\"https:\/\/www.teknevia.com\/hizmetler\/teknede-dogum-gunu\">teknede do\u011fum g\u00fcn\u00fc<\/a> kutlamas\u0131, unutulmaz an\u0131lar biriktirece\u011finiz keyifli bir se\u00e7enektir. So\u011fuk havaya ra\u011fmen, denizin huzur verici atmosferinde sevdiklerinizle bir araya gelip \u00f6zel bir g\u00fcn\u00fc kutlamak olduk\u00e7a e\u015fsizdir.<\/p>\n<p class=\"p2\">Beyaz karla kapl\u0131 k\u0131y\u0131lar\u0131 ve sakin sular\u0131yla k\u0131\u015f mevsimi, tekne kiralama deneyiminizi farkl\u0131 bir boyuta ta\u015f\u0131yacakt\u0131r. Yat\u0131n\u0131z\u0131n s\u0131cak i\u00e7 mekan\u0131nda dostlar\u0131n\u0131zla bir araya gelerek mumlar aras\u0131nda keyifli bir atmosfer yaratabilirsiniz. Denizde seyir halindeyken kar manzaras\u0131 e\u015fli\u011finde \u00e7ay i\u00e7mek ya da \u00f6zel bir ak\u015fam yeme\u011fi d\u00fczenlemek, do\u011fum g\u00fcn\u00fcn\u00fcze \u00f6zel bir dokunu\u015f katar.<\/p>\n<p class=\"p2\">K\u0131\u015f aylar\u0131nda tekne kiralama genellikle daha sakin denizlerde seyahat etme avantaj\u0131n\u0131 sunar. Bu, sevdiklerinizle daha \u00f6zel ve rahat bir ortamda vakit ge\u00e7irmenize olanak tan\u0131r. Teknenin i\u00e7 mekan\u0131nda s\u0131cac\u0131k bir atmosferde, k\u0131\u015f\u0131n serin esintisini d\u0131\u015far\u0131da hissederek unutulmaz bir do\u011fum g\u00fcn\u00fc kutlamas\u0131 yapabilirsiniz.<\/p>\n<h3 class=\"p4\"><strong>Evlilik Teklifi Yapma<\/strong><\/h3>\n<p class=\"p2\">Do\u011fum g\u00fcnlerinin yan\u0131 s\u0131ra \u00f6zel tekne kiralama hizmeti ald\u0131ktan sonra evlilik teklifi yapman\u0131z da m\u00fcmk\u00fcnd\u00fcr. Sevgilinizle unutulmaz bir an\u0131 payla\u015fmak i\u00e7in k\u0131\u015f\u0131n tekne kiralama, romantik bir evlilik teklifi i\u00e7in m\u00fckemmel bir se\u00e7enek olabilir.<\/p>\n<p class=\"p2\">Birbirinize olan sevginizi denizde taze bir ba\u015flang\u0131\u00e7la ta\u00e7land\u0131rmak i\u00e7in, k\u0131\u015f aylar\u0131nda sakinle\u015fmi\u015f denizler ve karla \u00f6rt\u00fcl\u00fc manzaralar size e\u015fsiz bir atmosfer sunacakt\u0131r. Teknenin s\u0131cak i\u00e7 mekan\u0131nda, sevgilinizle birlikte romantik bir ak\u015fam yeme\u011fi d\u00fczenleyebilir ve y\u0131ld\u0131zlar\u0131n alt\u0131nda bu \u00f6zel an\u0131 payla\u015fabilirsiniz.<\/p>\n<p class=\"p2\">Teknenin g\u00fcvertesinde, beyaz kar manzaras\u0131 kar\u015f\u0131s\u0131nda diz \u00e7\u00f6k\u00fcp sevgilinize hayat\u0131n\u0131z\u0131n en \u00f6nemli sorusunu sormak, bu an\u0131 her ikiniz i\u00e7in de unutulmaz k\u0131lacakt\u0131r. Denizin sakinli\u011fi ve karl\u0131 manzaralar e\u015fli\u011finde <a href=\"https:\/\/www.teknevia.com\/hizmetler\/yatta-evlilik-teklifi\">yatta evlilik teklifi<\/a> yapmak, romantizmin doruklar\u0131na \u00e7\u0131kmak demektir.\u00a0 K\u0131\u015fa uygun kiral\u0131k tekneler bu gibi y\u00f6nleriyle hayat\u0131n\u0131zda unutamayaca\u011f\u0131n\u0131z tecr\u00fcbeler elde edebilece\u011finiz anlam\u0131na gelmektedir.<\/p>\n<h2 class=\"p3\"><strong>K\u0131\u015f\u0131n Saatlik Yat Kiralama<\/strong><\/h2>\n<p class=\"p2\"><a href=\"https:\/\/www.teknevia.com\/\">Saatlik yat kiralama<\/a> ya da g\u00fcnl\u00fck bir \u015fekilde istendi\u011fi zaman yap\u0131labilmektedir. \u015eayet saatlik bir \u015fekilde kiralamay\u0131 d\u00fc\u015f\u00fcn\u00fcyorsan\u0131z, k\u0131\u015f aylar\u0131nda bunu ger\u00e7ekle\u015ftirmeniz de m\u00fcmk\u00fcnd\u00fcr. Peki bu kapsamda neler yapabilirsiniz? Bu \u00e7er\u00e7evede istedi\u011finiz herhangi bir etkinli\u011fi yapman\u0131z m\u00fcmk\u00fcnd\u00fcr:<\/p>\n<ul class=\"ul1\">\n<li class=\"li5\">K\u0131\u015f aylar\u0131na denk gelen iftar saatleri<\/li>\n<li class=\"li5\">Do\u011fum g\u00fcn\u00fc kutlamalar\u0131<\/li>\n<li class=\"li5\">Evlilik y\u0131ld\u00f6n\u00fcmleri<\/li>\n<li class=\"li5\">Evlilik kutlamalar\u0131<\/li>\n<li class=\"li5\">Balo ve mezuniyet t\u00f6renleri<\/li>\n<li class=\"li2\">D\u00fc\u011f\u00fcnler<\/li>\n<\/ul>\n<p class=\"p2\">Bunlar\u0131n yan\u0131 s\u0131ra saatlik k\u0131\u015fa uygun <a href=\"https:\/\/www.teknevia.com\/kiralik-tekneler\">kiral\u0131k tekne<\/a>ler farkl\u0131 ama\u00e7lara y\u00f6nelik olarak da kiralanabilmektedir. Bu bak\u0131mdan ki\u015filerin olduk\u00e7a geni\u015f bir tercih imkan\u0131 vard\u0131r.<\/p>\n<h2 class=\"p3\"><strong>K\u0131\u015f\u0131n \u0130stanbul&#8217;da Tekne ve Yat Kiralama Hizmeti<\/strong><\/h2>\n<p class=\"p2\">\u0130stanbul hem yaz hem de k\u0131\u015f aylar\u0131nda ayr\u0131 bir g\u00fczelli\u011fe sahiptir. Ancak zaman zaman herkes k\u00fc\u00e7\u00fck ka\u00e7amaklar yapmak ve kafas\u0131n\u0131 dinleyebilmek ister. K\u0131\u015f aylar\u0131nda \u00f6zellikle \u015fehirden i\u015f sebebiyle ayr\u0131lamayanlar i\u00e7in bu bir sorun olarak g\u00f6r\u00fclebilir. <a href=\"https:\/\/www.teknevia.com\/kiralik-tekneler\/istanbul\">\u0130stanbul yat kiralama<\/a> burada se\u00e7ebilece\u011finiz etkinliklerden biri olabilir.<\/p>\n<p class=\"p2\">Saatlik yat tekne kiralama d\u0131\u015f\u0131nda g\u00fcnl\u00fck olarak da bu hizmetten yararlanmak m\u00fcmk\u00fcnd\u00fcr. Bu \u00e7er\u00e7evede yapabilece\u011finiz pek \u00e7ok \u015fey vard\u0131r. Dilerseniz tek ba\u015f\u0131n\u0131za kafan\u0131z\u0131 dinlemeyi tercih edebilir dilerseniz sevdikleriniz \u0130stanbul\u2019un kar manzaras\u0131n\u0131 romantik bir \u015fekilde seyredebilirsiniz. Bu esnada bo\u011faz\u0131n \u00e7evresinde bulunan tarihi yap\u0131lar\u0131n, \u0130stanbul\u2019un kar ile kapl\u0131 manzaras\u0131n\u0131n foto\u011fraflar\u0131n\u0131 da \u00e7ekebilirsiniz.<\/p>\n<h2 class=\"p3\"><strong>K\u0131\u015f\u0131n Tekne Kiralama Fiyatlar\u0131<\/strong><\/h2>\n<p class=\"p2\">Tekne kiralama fiyatlar\u0131 ne kadar? Bu soru hizmetlerden yararlanmadan \u00f6nce s\u0131k s\u0131k ki\u015filer taraf\u0131ndan sorulan bir konudur. Genel anlamda kiralama saatlik mi yoksa g\u00fcnl\u00fck m\u00fc yap\u0131ld\u0131\u011f\u0131nda g\u00f6re farkl\u0131l\u0131k g\u00f6stermektedir. Bunun d\u0131\u015f\u0131nda yaz ve k\u0131\u015f aylar\u0131nda al\u0131nan hizmetlerde de fiyat olarak farkl\u0131l\u0131klar ya\u015fanabilir. Zira yaz aylar\u0131 daha yo\u011fun, k\u0131\u015f aylar\u0131 daha m\u00fcsait oldu\u011fu i\u00e7in bu durum fiyatlara yans\u0131yabilmektedir.<\/p>\n<p class=\"p2\">K\u0131\u015f ay\u0131 <a href=\"https:\/\/www.teknevia.com\/\">tekne kiralama<\/a> fiyatlar\u0131 ayr\u0131ca al\u0131nan ek hizmetlere g\u00f6re de de\u011fi\u015fmektedir. Ka\u00e7 ki\u015fi olaca\u011f\u0131, yemek veya kahvalt\u0131 men\u00fcleri, garson say\u0131s\u0131 gibi konular da unutulmamas\u0131 gereken fiyat etmenleridir. Fiyatlar bu a\u00e7\u0131dan standart olmay\u0131p yat &amp; tekne kiralama firmas\u0131 ile ileti\u015fime ge\u00e7erek bu konuyu konu\u015fman\u0131z tavsiye edilmektedir.<\/p>\n","protected":false},"excerpt":{"rendered":"<p>K\u0131\u015f aylar\u0131 genellikle serin ve sakin bir \u015fekilde seyreder.\u00a0 Her ne kadar bu d\u00f6nemlerde yat kiralaman\u0131n yap\u0131lamayaca\u011f\u0131 d\u00fc\u015f\u00fcn\u00fclse de asl\u0131nda \u00f6yle de\u011fildir. Talep halinde bu hizmetler sadece bahar ve yaz aylar\u0131nda de\u011fil, her mevsim ger\u00e7ekle\u015ftirilebilir. Yat kiralama avantajlar\u0131yla bu mevsimi keyifli ve unutulmaz bir tatil deneyimine d\u00f6n\u00fc\u015ft\u00fcrmeniz m\u00fcmk\u00fcnd\u00fcr. K\u0131\u015f aylar\u0131nda yat kiralaman\u0131n bir\u00e7ok avantaj\u0131 bulunmaktad\u0131r. [&hellip;]<\/p>\n","protected":false},"author":2,"featured_media":0,"parent":0,"menu_order":0,"comment_status":"closed","ping_status":"closed","template":"","meta":[],"_links":{"self":[{"href":"https:\/\/www.teknevia.com\/blog\/wp-json\/wp\/v2\/pages\/614"}],"collection":[{"href":"https:\/\/www.teknevia.com\/blog\/wp-json\/wp\/v2\/pages"}],"about":[{"href":"https:\/\/www.teknevia.com\/blog\/wp-json\/wp\/v2\/types\/page"}],"author":[{"embeddable":true,"href":"https:\/\/www.teknevia.com\/blog\/wp-json\/wp\/v2\/users\/2"}],"replies":[{"embeddable":true,"href":"https:\/\/www.teknevia.com\/blog\/wp-json\/wp\/v2\/comments?post=614"}],"version-history":[{"count":4,"href":"https:\/\/www.teknevia.com\/blog\/wp-json\/wp\/v2\/pages\/614\/revisions"}],"predecessor-version":[{"id":619,"href":"https:\/\/www.teknevia.com\/blog\/wp-json\/wp\/v2\/pages\/614\/revisions\/619"}],"wp:attachment":[{"href":"https:\/\/www.teknevia.com\/blog\/wp-json\/wp\/v2\/media?parent=614"}],"curies":[{"name":"wp","href":"https:\/\/api.w.org\/{rel}","templated":true}]}}