{"id":800,"date":"2024-11-03T00:09:40","date_gmt":"2024-11-02T21:09:40","guid":{"rendered":"https:\/\/www.teknevia.com\/blog\/?page_id=800"},"modified":"2024-11-03T00:09:40","modified_gmt":"2024-11-02T21:09:40","slug":"marmaris-tekne-kiralama","status":"publish","type":"page","link":"https:\/\/www.teknevia.com\/blog\/marmaris-tekne-kiralama","title":{"rendered":"Marmaris Tekne Kiralama"},"content":{"rendered":"<h2><span style=\"font-weight: 400;\">Marmaris Tekne Kiralama<\/span><\/h2>\n<p><span style=\"font-weight: 400;\">Marmaris, T\u00fcrkiye&#8217;nin g\u00fcneybat\u0131s\u0131nda yer alan e\u015fsiz g\u00fczellikteki bir tatil beldesidir. B\u00fcy\u00fcleyici do\u011fas\u0131, mavi sular\u0131 ve tarihi dokusuyla Marmaris, deniz tutkunlar\u0131 i\u00e7in ideal bir yerdir. <\/span><b>Marmaris tekne kiralama<\/b><span style=\"font-weight: 400;\">, bu muhte\u015fem destinasyonu ke\u015ffetmenin en pop\u00fcler yollar\u0131ndan biridir. Bu hizmet, tatilcilerin mavi sular\u0131n keyfini \u00e7\u0131karmas\u0131na, \u00e7evredeki adalar\u0131 ziyaret etmesine ve sakin koylarda dinlenmesine olanak tan\u0131r. Marmaris&#8217;te sunulan \u00e7e\u015fitli tekne kiralama se\u00e7enekleri, her t\u00fcrl\u00fc ihtiyaca ve b\u00fct\u00e7eye hitap eder. Ziyaret\u00e7iler, farkl\u0131 t\u00fcrdeki tekneler aras\u0131ndan se\u00e7im yaparak, kendi tatil planlar\u0131na en uygun olan\u0131n\u0131 belirleyebilir. Hem k\u00fc\u00e7\u00fck gruplar hem de b\u00fcy\u00fck aileler i\u00e7in uygun olan tekne kiralama hizmetleri, tatilinizi daha keyifli hale getirir.<\/span><\/p>\n<p><span style=\"font-weight: 400;\">Marmaris tekne kiralama hizmetleri sayesinde, gruplar halinde yap\u0131lan seyahatlerde ya da romantik ka\u00e7amaklar i\u00e7in ideal bir atmosfer yaratmak m\u00fcmk\u00fcnd\u00fcr. Ziyaret\u00e7iler, l\u00fcks yatlardan motorlu teknelere kadar \u00e7e\u015fitli se\u00e7eneklerle kendilerine uygun bir deneyim ya\u015fayabilir. Marmaris tekne kiralama f\u0131rsatlar\u0131, teknelerde d\u00fczenlenen \u00f6zel etkinliklerle daha da zenginle\u015fir. Marmariste kiral\u0131k tekneler ile ger\u00e7ekle\u015ftirilecek deniz yolculuklar\u0131, tatilin unutulmaz anlar\u0131na ev sahipli\u011fi yapar. Bu sayede, ziyaret\u00e7iler istedikleri gibi bir deniz tatili ge\u00e7irebilir ve Marmaris\u2019in muhte\u015fem manzaras\u0131n\u0131n tad\u0131n\u0131 \u00e7\u0131kararak bu g\u00fczel beldede unutulmaz an\u0131lar biriktirebilir.<\/span><\/p>\n<h2><span style=\"font-weight: 400;\">Marmaris Tekne Kiralama Se\u00e7enekleri<\/span><\/h2>\n<p><span style=\"font-weight: 400;\">Marmaris tekne kiralama se\u00e7enekleri olduk\u00e7a \u00e7e\u015fitlidir. Tatilciler, ihtiya\u00e7lar\u0131na ve isteklerine g\u00f6re farkl\u0131 s\u00fcrelerde kiralama yapabilir. Marmaris g\u00fcnl\u00fck tekne kiralama hizmeti, g\u00fcn\u00fcbirlik tatil planlayanlar i\u00e7in idealdir. Bu se\u00e7enek, tekne kiralamak isteyenlerin k\u0131sa s\u00fcreli bir deneyim ya\u015famalar\u0131na olanak tan\u0131r. Haftal\u0131k kiralama se\u00e7enekleri de mevcuttur. Uzun s\u00fcreli tatil planlayanlar, <\/span><b>Marmaris kiral\u0131k tekne<\/b><span style=\"font-weight: 400;\"> ile daha kapsaml\u0131 bir deneyim elde edebilir. Kiralama s\u00fcresi uzad\u0131k\u00e7a maliyetler genellikle daha uygun hale gelir. K\u0131sa s\u00fcreli deniz keyfi yapmak isteyenler i\u00e7in ise saatlik kiralama se\u00e7enekleri idealdir. Saatlik kiralamalar, belirli bir etkinlik i\u00e7in tekneye ihtiya\u00e7 duyan misafirler i\u00e7in pratik bir \u00e7\u00f6z\u00fcmd\u00fcr.<\/span><\/p>\n<p><span style=\"font-weight: 400;\">Marmaris tekne kiralama se\u00e7enekleri aras\u0131nda l\u00fcks <\/span><a href=\"https:\/\/www.teknevia.com\/yat-kiralama\"><span style=\"font-weight: 400;\">yat kiralama<\/span><\/a><span style=\"font-weight: 400;\"> imkan\u0131 da bulunmaktad\u0131r. L\u00fcks bir tatil deneyimi ya\u015famak isteyenler i\u00e7in bu f\u0131rsatlar olduk\u00e7a cazip hale gelir. Her t\u00fcrl\u00fc tekne, konforlu ve g\u00fcvenli bir seyahat i\u00e7in gerekli donan\u0131mlara sahiptir. Farkl\u0131 t\u00fcrdeki tekneler aras\u0131ndan se\u00e7im yaparak, tatilciler kendi ihtiya\u00e7lar\u0131na uygun olan\u0131 belirleyebilir. Marmaris tekne kiralama hizmetleri, \u00e7e\u015fitli aktiviteler ve etkinlikler d\u00fczenlemek isteyenler i\u00e7in de idealdir. Bu sayede, kiral\u0131k tekne Marmaris ile ger\u00e7ekle\u015ftirilecek deniz yolculuklar\u0131, tatilin unutulmaz anlar\u0131na ev sahipli\u011fi yapar.<\/span><\/p>\n<h2><span style=\"font-weight: 400;\">Marmaris Tekne Kiralama \u0130le \u0130lgili Bilinmesi Gereken Noktalar<\/span><\/h2>\n<p><span style=\"font-weight: 400;\">Marmaris&#8217;te tekne kiralamadan \u00f6nce dikkat edilmesi gereken baz\u0131 \u00f6nemli noktalar bulunmaktad\u0131r. Teknevia\u2019n\u0131n Marmaris tekne kiralama s\u00fcreci, tatilcilerin sorunsuz bir deneyim ya\u015famas\u0131 i\u00e7in iyi bir \u015fekilde planlanmal\u0131d\u0131r. \u00d6zellikle, tatilcilerin isteklerine ve ihtiya\u00e7lar\u0131na uygun se\u00e7enekler de\u011ferlendirilmelidir. Do\u011fru kararlar almak, hem zaman hem de maliyet a\u00e7\u0131s\u0131ndan avantaj sa\u011flar. Bu nedenle, <\/span><b>kiral\u0131k tekne Marmaris<\/b><span style=\"font-weight: 400;\"> ile ilgili bilgilere hakim olmak ve her ayr\u0131nt\u0131y\u0131 g\u00f6z \u00f6n\u00fcnde bulundurmak \u00f6nemlidir. A\u015fa\u011f\u0131da, tekne kiralamadan \u00f6nce dikkate al\u0131nmas\u0131 gereken baz\u0131 temel noktalar s\u0131ralanmaktad\u0131r:<\/span><\/p>\n<ul>\n<li style=\"font-weight: 400;\" aria-level=\"1\"><span style=\"font-weight: 400;\">Kiralama s\u00fcresi, fiyatlar\u0131 etkileyen \u00f6nemli bir fakt\u00f6rd\u00fcr. Marmaris tekne kiralama g\u00fcnl\u00fck veya haftal\u0131k kiralama se\u00e7enekleri de\u011ferlendirilmelidir.<\/span><\/li>\n<li style=\"font-weight: 400;\" aria-level=\"1\"><span style=\"font-weight: 400;\">Hangi t\u00fcr tekne kiralanaca\u011f\u0131 belirlenmelidir. Yat, motorlu tekne veya yelkenli gibi farkl\u0131 t\u00fcrler mevcut.<\/span><\/li>\n<li style=\"font-weight: 400;\" aria-level=\"1\"><span style=\"font-weight: 400;\">Kiralanan teknenin sundu\u011fu ekipmanlar ve hizmetler kontrol edilmelidir.<\/span><\/li>\n<li style=\"font-weight: 400;\" aria-level=\"1\"><span style=\"font-weight: 400;\">Marmaris\u2019te tekne ile gezilecek noktalar ve hangi koylar\u0131n ziyaret edilece\u011fi planlanmal\u0131d\u0131r. Marmaris&#8217;in yak\u0131n \u00e7evresinde bir\u00e7ok g\u00fczel koy ve ada bulunmaktad\u0131r.<\/span><\/li>\n<li style=\"font-weight: 400;\" aria-level=\"1\"><span style=\"font-weight: 400;\">Kiralama tarihindeki hava ko\u015fullar\u0131 g\u00f6z \u00f6n\u00fcnde bulundurulmal\u0131d\u0131r. Hava durumuna g\u00f6re seyir plan\u0131 yap\u0131lmal\u0131d\u0131r.<\/span><\/li>\n<li style=\"font-weight: 400;\" aria-level=\"1\"><span style=\"font-weight: 400;\">Kiralanan teknenin sigortal\u0131 olup olmad\u0131\u011f\u0131 kontrol edilmelidir. Marmaris tekne kiralama hizmetinin g\u00fcvenli bir deneyim olmas\u0131 noktas\u0131nda \u00f6nemlidir bir ayr\u0131nt\u0131d\u0131r.<\/span><\/li>\n<\/ul>\n<h2><span style=\"font-weight: 400;\">Marmaris Tekne Kiralama Hizmetleri Nelerdir?<\/span><\/h2>\n<p><span style=\"font-weight: 400;\">Marmaris tekne kiralama hizmetleri, ziyaret\u00e7ilerin farkl\u0131 etkinlikler ger\u00e7ekle\u015ftirmesine olanak tan\u0131r. Bu hizmetler aras\u0131nda, \u00f6zel g\u00fcnler i\u00e7in d\u00fczenlenen etkinlikler de bulunmaktad\u0131r. Marmaris tekne kiralama se\u00e7enekleri, do\u011fum g\u00fcn\u00fc kutlamalar\u0131ndan romantik evlenme tekliflerine kadar geni\u015f bir yelpazeye sahiptir. Do\u011fum g\u00fcn\u00fc kutlamalar\u0131, teknede d\u00fczenlenebilecek \u00f6zel etkinliklerden biridir ve bu t\u00fcr organizasyonlar i\u00e7in \u00e7e\u015fitli dekorasyon se\u00e7enekleri ve catering hizmetleri sunulabilir. Romantik bir atmosferde <\/span><a href=\"https:\/\/www.teknevia.com\/hizmetler\/yatta-evlilik-teklifi\"><span style=\"font-weight: 400;\">yatta evlenme teklifi<\/span><\/a><span style=\"font-weight: 400;\"> yapmak isteyenler i\u00e7in \u00f6zel paketler de yer almaktad\u0131r.<\/span><\/p>\n<p><span style=\"font-weight: 400;\">Marmaris&#8217;te kiralanan tekneler, konforlu ya\u015fam alanlar\u0131 ve modern ekipmanlarla donat\u0131lm\u0131\u015ft\u0131r. Misafirler, g\u00fcne\u015flenme alanlar\u0131, \u015fezlonglar ve yemek masalar\u0131 gibi olanaklardan yararlanarak rahat bir ortamda zaman ge\u00e7irebilir. Baz\u0131 teknelerde su sporlar\u0131 yapma imkan\u0131 da bulunur. Tekne kiralama Marmaris hizmetleri; \u015fnorkel, dal\u0131\u015f veya su kaya\u011f\u0131 gibi aktivitelerle tatilinizi daha da e\u011flenceli hale getirebilir. Marmaris tekne kiralama ile sa\u011flanan bu olanaklar, tatilcilerin unutulmaz an\u0131lar biriktirmesine yard\u0131mc\u0131 olur.<\/span><\/p>\n<h2><span style=\"font-weight: 400;\">Marmaris Tekne Kiralama Fiyatlar\u0131<\/span><\/h2>\n<p><b>Marmaris tekne kiralama fiyatlar\u0131<\/b><span style=\"font-weight: 400;\">, \u00e7e\u015fitli fakt\u00f6rlere ba\u011fl\u0131 olarak de\u011fi\u015fiklik g\u00f6stermektedir. Fiyatlar\u0131 etkileyen en \u00f6nemli unsurlar aras\u0131nda kiralama s\u00fcresi, tekne tipi ve ek hizmetler bulunmaktad\u0131r. K\u0131sa s\u00fcreli Marmaris g\u00fcn\u00fcbirlik tekne kiralama se\u00e7enekleri genellikle daha uygun fiyatl\u0131d\u0131r, bu da tatilcilerin sadece bir g\u00fcnl\u00fc\u011f\u00fcne denizin tad\u0131n\u0131 \u00e7\u0131karmas\u0131n\u0131 sa\u011flar. Haftal\u0131k kiralama yapmak isteyenler i\u00e7in fiyatlar daha y\u00fcksek olabilir, \u00e7\u00fcnk\u00fc uzun s\u00fcreli kiralamalarda daha fazla konfor ve hizmet sunulmaktad\u0131r. Tekne tipine g\u00f6re de fiyatlar farkl\u0131l\u0131k g\u00f6sterir; l\u00fcks yatlar veya b\u00fcy\u00fck motorlu tekneler, daha fazla konfor ve hizmet sundu\u011fu i\u00e7in genellikle daha pahal\u0131d\u0131r.<\/span><\/p>\n<p><span style=\"font-weight: 400;\">Ek hizmetler de fiyatlar\u0131 etkileyen \u00f6nemli bir fakt\u00f6rd\u00fcr. \u00d6zel organizasyonlar, \u015famand\u0131ra kullan\u0131m\u0131 veya su sporlar\u0131 ekipmanlar\u0131 gibi ekstra hizmetler, toplam maliyeti art\u0131rabilir. Marmaris kiral\u0131k tekne fiyatlar\u0131 konusunda detayl\u0131 bilgi almak isteyenler, farkl\u0131 tekneler aras\u0131nda kar\u015f\u0131la\u015ft\u0131rma yaparak en uygun se\u00e7ene\u011fi bulabilir. <\/span><b>Tekne kiralama Marmaris<\/b><span style=\"font-weight: 400;\"> ile sa\u011flanan zengin se\u00e7enekler ve profesyonel hizmetler, ziyaret\u00e7ilerin tatillerini unutulmaz k\u0131lma f\u0131rsat\u0131 sunar. Teknevia ile Marmaris tekne kiralama, deniz tutkunlar\u0131 i\u00e7in e\u015fsiz bir deneyim sa\u011flar. Mavi sular\u0131n tad\u0131n\u0131 \u00e7\u0131kararak, bu muhte\u015fem tatil beldesini ke\u015ffetme f\u0131rsat\u0131n\u0131 yakalayabilirsiniz.<\/span><\/p>\n","protected":false},"excerpt":{"rendered":"<p>Marmaris Tekne Kiralama Marmaris, T\u00fcrkiye&#8217;nin g\u00fcneybat\u0131s\u0131nda yer alan e\u015fsiz g\u00fczellikteki bir tatil beldesidir. B\u00fcy\u00fcleyici do\u011fas\u0131, mavi sular\u0131 ve tarihi dokusuyla Marmaris, deniz tutkunlar\u0131 i\u00e7in ideal bir yerdir. Marmaris tekne kiralama, bu muhte\u015fem destinasyonu ke\u015ffetmenin en pop\u00fcler yollar\u0131ndan biridir. Bu hizmet, tatilcilerin mavi sular\u0131n keyfini \u00e7\u0131karmas\u0131na, \u00e7evredeki adalar\u0131 ziyaret etmesine ve sakin koylarda dinlenmesine olanak tan\u0131r. [&hellip;]<\/p>\n","protected":false},"author":1,"featured_media":0,"parent":0,"menu_order":0,"comment_status":"closed","ping_status":"closed","template":"","meta":[],"_links":{"self":[{"href":"https:\/\/www.teknevia.com\/blog\/wp-json\/wp\/v2\/pages\/800"}],"collection":[{"href":"https:\/\/www.teknevia.com\/blog\/wp-json\/wp\/v2\/pages"}],"about":[{"href":"https:\/\/www.teknevia.com\/blog\/wp-json\/wp\/v2\/types\/page"}],"author":[{"embeddable":true,"href":"https:\/\/www.teknevia.com\/blog\/wp-json\/wp\/v2\/users\/1"}],"replies":[{"embeddable":true,"href":"https:\/\/www.teknevia.com\/blog\/wp-json\/wp\/v2\/comments?post=800"}],"version-history":[{"count":1,"href":"https:\/\/www.teknevia.com\/blog\/wp-json\/wp\/v2\/pages\/800\/revisions"}],"predecessor-version":[{"id":802,"href":"https:\/\/www.teknevia.com\/blog\/wp-json\/wp\/v2\/pages\/800\/revisions\/802"}],"wp:attachment":[{"href":"https:\/\/www.teknevia.com\/blog\/wp-json\/wp\/v2\/media?parent=800"}],"curies":[{"name":"wp","href":"https:\/\/api.w.org\/{rel}","templated":true}]}}