{"id":994,"date":"2025-03-26T22:02:54","date_gmt":"2025-03-26T19:02:54","guid":{"rendered":"https:\/\/www.teknevia.com\/blog\/?page_id=994"},"modified":"2025-03-26T22:02:54","modified_gmt":"2025-03-26T19:02:54","slug":"gocek-yat-kiralama","status":"publish","type":"page","link":"https:\/\/www.teknevia.com\/blog\/gocek-yat-kiralama","title":{"rendered":"G\u00f6cek Yat Kiralama"},"content":{"rendered":"<h2><span style=\"font-weight: 400;\">G\u00f6cek Yat Kiralama<\/span><\/h2>\n<p><span style=\"font-weight: 400;\">Ege\u2019nin maviyle ye\u015filin bulu\u015ftu\u011fu en duru noktalar\u0131ndan biri: G\u00f6cek. Ad\u0131n\u0131 s\u0131k\u00e7a duydu\u011funuz koylar\u0131, suyun \u00fcst\u00fcnde s\u00fcz\u00fcl\u00fcrken sanki zaman durmu\u015f hissi veren denizi ve bir tabloyu and\u0131ran do\u011fas\u0131yla, buras\u0131 yaln\u0131zca bir tatil beldesi de\u011fil, ayn\u0131 zamanda denizle b\u00fct\u00fcnle\u015fen bir ya\u015fam bi\u00e7imidir. <\/span><b>G\u00f6cek yat kiralama<\/b><span style=\"font-weight: 400;\">, bu benzersiz co\u011frafyan\u0131n sundu\u011fu do\u011fal g\u00fczellikleri ke\u015ffetmenin en ayr\u0131cal\u0131kl\u0131 yollar\u0131ndan biridir. S\u0131radan bir tatil anlay\u0131\u015f\u0131n\u0131 geride b\u0131rakmak isteyenler i\u00e7in G\u00f6cek yat kiralama, sadece bir ula\u015f\u0131m arac\u0131 sa\u011flamaktan \u00f6te; ki\u015fisel bir ka\u00e7\u0131\u015f\u0131n, \u00f6zel anlar\u0131n ve dinginli\u011fin simgesine d\u00f6n\u00fc\u015fmektedir.\u00a0<\/span><\/p>\n<p><span style=\"font-weight: 400;\">Son y\u0131llarda de\u011fi\u015fen tatil e\u011filimleriyle birlikte G\u00f6cek yat kiralama taleplerinde dikkat \u00e7ekici bir art\u0131\u015f ya\u015fanmakta; gerek bireysel gezginler, gerekse \u00f6zel organizasyonlar i\u00e7in bu hizmetler \u00f6nemli bir alternatif sunmaktad\u0131r. G\u00f6cek\u2019in kendine \u00f6zg\u00fc koylar\u0131n\u0131n teknelerle ula\u015f\u0131labilir olmas\u0131, b\u00f6lgenin yat turizmi a\u00e7\u0131s\u0131ndan neden bu kadar tercih edildi\u011fini a\u00e7\u0131k\u00e7a ortaya koyar. Tam da bu noktada, G\u00f6cek yat kiralama hizmetleri, b\u00f6lgeyi ke\u015ffetmek isteyen herkes i\u00e7in hem pratik hem de son derece keyifli bir \u00e7\u00f6z\u00fcm sunar.<\/span><\/p>\n<h2><span style=\"font-weight: 400;\">G\u00f6cek Yat Kiralama Se\u00e7enekleri ve Ayr\u0131nt\u0131lar\u0131<\/span><\/h2>\n<p><span style=\"font-weight: 400;\">G\u00f6cek yat kiralama se\u00e7eneklerinin \u00e7e\u015fitlili\u011fi, farkl\u0131 ya\u015fam tarzlar\u0131na ve b\u00fct\u00e7elere hitap edecek \u015fekilde yap\u0131land\u0131r\u0131lm\u0131\u015ft\u0131r. Sade bir tekneyle sakin bir g\u00fcn ge\u00e7irmek isteyenler de, \u00fcst d\u00fczey donan\u0131ml\u0131 bir mega yatla haftal\u0131k tur planlayanlar da burada kendine yer bulur. \u00d6yle ki, G\u00f6cek l\u00fcks yat kiralama ile G\u00f6cek saatlik yat kiralama aras\u0131nda, ihtiyaca g\u00f6re de\u011fil de ruh halinize g\u00f6re bir tercih yapman\u0131z bile m\u00fcmk\u00fcnd\u00fcr. Tekneler tip olarak geni\u015f bir yelpazede sunulmaktad\u0131r: Yelkenliler, motor yatlar, guletler, katamaranlar ve hatta ultra l\u00fcks mega yatlar. G\u00f6cek \u00f6zel yat kiralama planlayan \u00e7iftler ya da k\u00fc\u00e7\u00fck arkada\u015f gruplar\u0131 i\u00e7in kompakt ama \u015f\u0131k tasar\u0131mlar dikkat \u00e7ekerken, G\u00f6cek vip yat kiralama taleplerinde genellikle \u00f6zel m\u00fcrettebat, ki\u015fisel a\u015f\u00e7\u0131, \u00f6zel rota tasar\u0131m\u0131 gibi ekstralar da devreye girer.<\/span><\/p>\n<p><span style=\"font-weight: 400;\">Ula\u015f\u0131m kolayl\u0131\u011f\u0131 da bu deneyimi destekleyen bir ba\u015fka unsur. Dalaman Havaliman\u0131\u2019ndan G\u00f6cek\u2019e ula\u015ft\u0131ktan sonra marina se\u00e7enekleri ve teknelere ge\u00e7i\u015f s\u00fcreci olduk\u00e7a konforlu. Bu da G\u00f6cek yat kiralama hizmetini spontane kararlarla bile ula\u015f\u0131labilir k\u0131lar. \u00d6zellikle yaz sezonunda, <\/span><b>yat kiralama G\u00f6cek<\/b><span style=\"font-weight: 400;\"> b\u00f6lgesinde bir ya\u015fam rit\u00fceline d\u00f6n\u00fc\u015f\u00fcr.G\u00f6cek gecelik yat kiralama ile sabah\u0131n ilk \u0131\u015f\u0131klar\u0131n\u0131 denizin ortas\u0131nda kar\u015f\u0131lamak, G\u00f6cek yat kiralama g\u00fcnl\u00fck se\u00e7eneklerle koydan koya \u00f6zg\u00fcrce gezinmek m\u00fcmk\u00fcn. G\u00f6cek kiral\u0131k yat alternatifleri aras\u0131nda se\u00e7im yaparken yaln\u0131zca ka\u00e7 ki\u015fi oldu\u011funuzu de\u011fil, nas\u0131l hissetmek istedi\u011finizi de d\u00fc\u015f\u00fcnmelisiniz.<\/span><\/p>\n<h2><span style=\"font-weight: 400;\">G\u00f6cek Yat Kiralama Hizmetini Almadan \u00d6nce Bilinmesi Gerekenler<\/span><\/h2>\n<p><span style=\"font-weight: 400;\">Yat kiralamak, bir ula\u015f\u0131m bi\u00e7iminden fazlas\u0131d\u0131r. \u00d6zellikle G\u00f6cek gibi profesyonel ve zengin bir yat altyap\u0131s\u0131na sahip bir b\u00f6lgede, kiralama \u00f6ncesinde bilin\u00e7li olmak hem keyfinizi hem de g\u00fcvenli\u011finizi art\u0131racakt\u0131r. \u0130lk ad\u0131m her zaman ihtiya\u00e7lar\u0131 netle\u015ftirmekle ba\u015flar: Ka\u00e7 ki\u015fi olacaks\u0131n\u0131z, hangi tarihler aras\u0131nda kiralama yapacaks\u0131n\u0131z ve ne kadar s\u00fcreyle denizde olacaks\u0131n\u0131z? G\u00f6cek yat kiralama hizmeti almadan \u00f6nce g\u00f6zden ka\u00e7\u0131r\u0131lmamas\u0131 gereken temel unsur, teknenin teknik durumu ve personel kalitesidir. L\u00fcks g\u00f6r\u00fcn\u00fcml\u00fc bir yat yeterli olmayabilir; m\u00fcrettebat deneyimi, g\u00fcvenlik sertifikalar\u0131 ve hizmet standard\u0131 gibi detaylar da \u00f6nemlidir. \u00d6zellikle G\u00f6cek vip yat kiralama tercihlerinde bu detaylar, hizmet kalitesini do\u011frudan etkiler.<\/span><\/p>\n<p><span style=\"font-weight: 400;\">G\u00f6cek kiral\u0131k yat fiyatlar\u0131 s\u00f6z konusu oldu\u011funda; paket i\u00e7eri\u011fi, hizmet kapsam\u0131 ve ekstra talepler dikkatle incelenmelidir. \u00d6rne\u011fin yemek dahil mi? Yak\u0131t \u00fccreti fiyata dahil mi? Su sporlar\u0131 ekipmanlar\u0131 ekstra m\u0131? Bu sorular\u0131n yan\u0131tlar\u0131, yaln\u0131zca maddi anlamda de\u011fil, seyahatinizin ak\u0131\u015f\u0131 a\u00e7\u0131s\u0131ndan da \u00f6nem ta\u015f\u0131r. G\u00f6cek yat kiralama s\u00fcrecinde bu detaylara \u00f6nceden h\u00e2kim olmak, tatilinizin verimlili\u011fini art\u0131racakt\u0131r. Rotay\u0131 \u00f6nceden planlamak, etkinlik ak\u0131\u015f\u0131n\u0131z\u0131 belirlemenizi kolayla\u015ft\u0131r\u0131r. Hangi koylarda y\u00fczme molas\u0131 verilecek, nerede yemek yenilecek, ne zaman d\u00f6n\u00fc\u015f yap\u0131lacak gibi detaylar, organizasyonunuzu daha ak\u0131c\u0131 hale getirir. \u00d6zellikle Teknevia \u00fczerinden yapaca\u011f\u0131n\u0131z G\u00f6cek yat kiralama rezervasyonlar\u0131nda, bu planlamalar\u0131 \u00f6nceden yapmak olduk\u00e7a pratiktir. <\/span><b>G\u00f6cek \u00f6zel yat kiralama<\/b><span style=\"font-weight: 400;\"> hizmetiyle kutlama planl\u0131yorsan\u0131z, dekorasyon, m\u00fczik ve s\u00fcrprizler i\u00e7in teknedeki ekipten nas\u0131l destek alaca\u011f\u0131n\u0131z\u0131 da \u00f6nceden konu\u015fman\u0131z faydal\u0131 olur. G\u00f6cek yat kiralama s\u00fcrecinde, bu gibi ki\u015fiselle\u015ftirilmi\u015f detaylar deneyiminizi s\u0131radan\u0131n \u00e7ok \u00f6tesine ta\u015f\u0131yabilir.<\/span><\/p>\n<h2><span style=\"font-weight: 400;\">G\u00f6cek Yat Kiralama Hizmetleri ve Kapsamlar\u0131<\/span><\/h2>\n<p><span style=\"font-weight: 400;\">G\u00f6cek yat kiralama, yaln\u0131zca bir ula\u015f\u0131m hizmeti de\u011fil; \u00e7ok katmanl\u0131 bir deneyimdir. Hizmet yelpazesi o kadar geni\u015ftir ki, deniz \u00fczerinde ge\u00e7irece\u011finiz saatleri klasik bir tatilden ay\u0131ran her ayr\u0131nt\u0131 bu hizmetlerin i\u00e7ine d\u00e2hildir. Ba\u015flang\u0131\u00e7 d\u00fczeyindeki G\u00f6cek g\u00fcn\u00fcbirlik yat kiralama hizmetlerinden, tam donan\u0131ml\u0131 G\u00f6cek l\u00fcks yat kiralama deneyimlerine kadar her t\u00fcr paket belirli hizmet gruplar\u0131 sunar. Genellikle profesyonel m\u00fcrettebat, kaptan, hostes ve bazen \u00f6zel a\u015f\u00e7\u0131lar e\u015flik eder. Bu hizmetler yaln\u0131zca teknede yolculuk yapmakla kalmaz, ayn\u0131 zamanda konforlu bir ya\u015fam alan\u0131 sa\u011flar. Baz\u0131 yatlar \u00f6zel etkinlikler i\u00e7in tasarlanm\u0131\u015ft\u0131r. <\/span><b>G\u00f6cek kiral\u0131k yat<\/b><span style=\"font-weight: 400;\"> hizmetleri aras\u0131nda do\u011fum g\u00fcn\u00fc, ni\u015fan, kurumsal organizasyon ya da evlilik teklifi gibi etkinliklere \u00f6zel olarak haz\u0131rlanan tekneler bulunur.<\/span><\/p>\n<p><span style=\"font-weight: 400;\">G\u00f6cek tekne kiralama hizmetleri sayesinde bu t\u00fcr organizasyonlar, ki\u015fisel zevklere g\u00f6re detayland\u0131r\u0131labilir. Bu t\u00fcr hizmetlerde yat s\u00fcslemeleri, men\u00fc olu\u015fturma, DJ ya da canl\u0131 m\u00fczik gibi detaylar da organizasyona dahil edilebilir. Su sporlar\u0131 sevenler i\u00e7in jet ski, paddle board, \u015fnorkel ekipmanlar\u0131, dal\u0131\u015f organizasyonlar\u0131 gibi se\u00e7enekler de sunulur. Bunlar genellikle G\u00f6cek vip yat kiralama paketlerinin bir par\u00e7as\u0131 olarak verilir. Teknevia arac\u0131l\u0131\u011f\u0131yla yap\u0131lan G\u00f6cek tekne kiralama rezervasyonlar\u0131nda, bu t\u00fcr ekstralar kullan\u0131c\u0131 dostu aray\u00fcz sayesinde kolayl\u0131kla se\u00e7ilebilir. G\u00f6cek\u2019in Mu\u011fla\u2019da konumlanm\u0131\u015f olmas\u0131 da sundu\u011fu manzara ve rotalar a\u00e7\u0131s\u0131ndan b\u00fcy\u00fck bir avantajd\u0131r. <\/span><a href=\"https:\/\/www.teknevia.com\/mugla-yat-kiralama\"><span style=\"font-weight: 400;\">Kiral\u0131k yat Mu\u011fla<\/span><\/a><span style=\"font-weight: 400;\"> ba\u015fl\u0131\u011f\u0131 alt\u0131nda s\u0131ralanan se\u00e7enekler aras\u0131nda G\u00f6cek, sakin denizi ve gizli koylar\u0131yla daima bir ad\u0131m \u00f6ndedir. G\u00f6cek tekne kiralama s\u00fcreci, etkinliklerinize benzersiz bir atmosfer katmak i\u00e7in son derece esnek ve yarat\u0131c\u0131 \u00e7\u00f6z\u00fcmler sunar.<\/span><\/p>\n<h2><span style=\"font-weight: 400;\">G\u00f6cek Yat Kiralama Fiyatlar\u0131<\/span><\/h2>\n<p><span style=\"font-weight: 400;\">G\u00f6cek yat kiralama fiyatlar\u0131, sabit bir listeye g\u00f6re belirlenmez. Aksine, fiyatlar; tekne tipi, s\u00fcre, sezon, hizmet kapsam\u0131 ve ki\u015fisel tercihlere g\u00f6re \u015fekillenir. En sade haliyle bir saatlik deniz turuyla ba\u015flay\u0131p, ultra l\u00fcks bir haftal\u0131k rota \u00e7izimine kadar uzanan geni\u015f bir fiyat aral\u0131\u011f\u0131 vard\u0131r. G\u00f6cek kiral\u0131k yat fiyatlar\u0131 aras\u0131nda fark yaratan en temel unsur, teknenin boyutu ve donan\u0131m\u0131d\u0131r. \u00d6rne\u011fin 8 ki\u015filik bir motor yat ile 20 ki\u015filik bir l\u00fcks gulet aras\u0131nda hem kapasite hem de ya\u015fam konforu a\u00e7\u0131s\u0131ndan b\u00fcy\u00fck farkl\u0131l\u0131klar bulunur. Bu fark, do\u011frudan fiyatlara yans\u0131r. Ek olarak, \u00f6zel etkinliklerde dekorasyon, yemek servisi ya da organizasyonel destek gibi ekstra hizmetlerin dahil edilmesi G\u00f6cek kiral\u0131k yat fiyatlar\u0131 \u00fczerinde do\u011frudan etkilidir.<\/span><\/p>\n<p><span style=\"font-weight: 400;\">D\u00f6nemsel de\u011fi\u015fkenlik de \u00f6nemli bir etkendir. Haziran-Eyl\u00fcl aras\u0131 sezonun en yo\u011fun oldu\u011fu d\u00f6nemdir ve <\/span><b>G\u00f6cek yat kiralama fiyatlar\u0131<\/b><span style=\"font-weight: 400;\"> bu s\u00fcre\u00e7te ciddi \u00f6l\u00e7\u00fcde art\u0131\u015f g\u00f6sterebilir. Bu y\u00fczden tarih esnekli\u011fi olanlar i\u00e7in d\u00fc\u015f\u00fck sezon tercih edilmesi ekonomik a\u00e7\u0131dan daha avantajl\u0131 olabilir. G\u00f6cek yat kiralama g\u00fcnl\u00fck tercih edilen kiralamalarda baz\u0131 yat sahipleri uzun s\u00fcreli kiralamalara indirimli fiyat sunabilir. G\u00f6cek yat kiralama g\u00fcnl\u00fck hizmetlerde bu t\u00fcr avantajlar\u0131 de\u011ferlendirmek, b\u00fct\u00e7eyi daha verimli kullanman\u0131za yard\u0131mc\u0131 olur. <\/span><a href=\"https:\/\/www.teknevia.com\/cesme-yat-kiralama\"><span style=\"font-weight: 400;\">\u00c7e\u015fme yat kiralama fiyatlar\u0131<\/span><\/a><span style=\"font-weight: 400;\"> ile k\u0131yasland\u0131\u011f\u0131nda, G\u00f6cek\u2019in koy \u00e7e\u015fitlili\u011fi, hizmet kalitesi ve do\u011fall\u0131\u011f\u0131 a\u00e7\u0131s\u0131ndan fiyat-performans dengesi a\u00e7\u0131s\u0131ndan daha \u00f6nde oldu\u011fu g\u00f6r\u00fclmektedir. G\u00f6cek yat kiralama, hem planlama hem de deneyim a\u00e7\u0131s\u0131ndan y\u00fcksek standartlar sunan bir hizmet alan\u0131d\u0131r. Yaln\u0131zca bir tatil de\u011fil; konforlu bir ke\u015fif, sakinlik dolu bir ka\u00e7\u0131\u015f ya da unutulmaz bir kutlama ar\u0131yorsan\u0131z, G\u00f6cek bu deneyim i\u00e7in do\u011fru adrestir.<\/span><\/p>\n","protected":false},"excerpt":{"rendered":"<p>G\u00f6cek Yat Kiralama Ege\u2019nin maviyle ye\u015filin bulu\u015ftu\u011fu en duru noktalar\u0131ndan biri: G\u00f6cek. Ad\u0131n\u0131 s\u0131k\u00e7a duydu\u011funuz koylar\u0131, suyun \u00fcst\u00fcnde s\u00fcz\u00fcl\u00fcrken sanki zaman durmu\u015f hissi veren denizi ve bir tabloyu and\u0131ran do\u011fas\u0131yla, buras\u0131 yaln\u0131zca bir tatil beldesi de\u011fil, ayn\u0131 zamanda denizle b\u00fct\u00fcnle\u015fen bir ya\u015fam bi\u00e7imidir. G\u00f6cek yat kiralama, bu benzersiz co\u011frafyan\u0131n sundu\u011fu do\u011fal g\u00fczellikleri ke\u015ffetmenin en ayr\u0131cal\u0131kl\u0131 [&hellip;]<\/p>\n","protected":false},"author":1,"featured_media":0,"parent":0,"menu_order":0,"comment_status":"closed","ping_status":"closed","template":"","meta":[],"_links":{"self":[{"href":"https:\/\/www.teknevia.com\/blog\/wp-json\/wp\/v2\/pages\/994"}],"collection":[{"href":"https:\/\/www.teknevia.com\/blog\/wp-json\/wp\/v2\/pages"}],"about":[{"href":"https:\/\/www.teknevia.com\/blog\/wp-json\/wp\/v2\/types\/page"}],"author":[{"embeddable":true,"href":"https:\/\/www.teknevia.com\/blog\/wp-json\/wp\/v2\/users\/1"}],"replies":[{"embeddable":true,"href":"https:\/\/www.teknevia.com\/blog\/wp-json\/wp\/v2\/comments?post=994"}],"version-history":[{"count":1,"href":"https:\/\/www.teknevia.com\/blog\/wp-json\/wp\/v2\/pages\/994\/revisions"}],"predecessor-version":[{"id":995,"href":"https:\/\/www.teknevia.com\/blog\/wp-json\/wp\/v2\/pages\/994\/revisions\/995"}],"wp:attachment":[{"href":"https:\/\/www.teknevia.com\/blog\/wp-json\/wp\/v2\/media?parent=994"}],"curies":[{"name":"wp","href":"https:\/\/api.w.org\/{rel}","templated":true}]}}